{"id":3,"date":"2025-06-04T21:30:22","date_gmt":"2025-06-04T21:30:22","guid":{"rendered":"https:\/\/pilargalilea.com\/memoria\/?page_id=3"},"modified":"2025-07-04T22:48:27","modified_gmt":"2025-07-04T22:48:27","slug":"terminos-y-condiciones","status":"publish","type":"page","link":"https:\/\/pilargalilea.com\/memoria\/terminos-y-condiciones\/","title":{"rendered":"T\u00e9rminos y condiciones"},"content":{"rendered":"<p>[et_pb_section fb_built=\u00bb1&#8243; _builder_version=\u00bb4.16&#8243; global_colors_info=\u00bb{}\u00bb][et_pb_row _builder_version=\u00bb4.16&#8243; background_size=\u00bbinitial\u00bb background_position=\u00bbtop_left\u00bb background_repeat=\u00bbrepeat\u00bb global_colors_info=\u00bb{}\u00bb][et_pb_column type=\u00bb4_4&#8243; _builder_version=\u00bb4.16&#8243; custom_padding=\u00bb|||\u00bb global_colors_info=\u00bb{}\u00bb custom_padding__hover=\u00bb|||\u00bb][et_pb_text _builder_version=\u00bb4.27.4&#8243; background_size=\u00bbinitial\u00bb background_position=\u00bbtop_left\u00bb background_repeat=\u00bbrepeat\u00bb global_colors_info=\u00bb{}\u00bb]<!-- divi:heading --><\/p>\n<p data-start=\"267\" data-end=\"319\"><strong><br \/>NUTZUNGSBEDINGUNGEN F\u00dcR SPRACHNACHRICHTEN<\/strong><\/p>\n<p><strong>Mit dem Absenden einer Sprachnachricht als Beitrag zum Gemeinschaftsprojekt \u00fcber einen der vom Kunstprojekt Memoria Maestra bereitgestellten Kan\u00e4le erkl\u00e4rt der Absender, die folgenden Nutzungsbedingungen gelesen und akzeptiert zu haben:<\/strong><\/p>\n<p><strong>Nutzungsgenehmigung<\/strong><br \/>Mit dem Absenden Ihrer Sprachnachricht erm\u00e4chtigen Sie Pilar Galilea und das Kunstprojekt Memoria Maestra ausdr\u00fccklich, diesen Inhalt oder dessen Transkription und \u00dcbersetzung ganz oder teilweise in jeglicher physischer oder digitaler Form, einschlie\u00dflich, aber nicht beschr\u00e4nkt auf soziale Netzwerke, Websites wie <a href=\"http:\/\/www.pilargalilea.com\/\">www.pilargalilea.com<\/a>, Audio- und audiovisuellen Plattformen, in der Presse oder anderen mit dem Projekt verbundenen Medien.<\/p>\n<p><strong>Bild- und Stimmrechte<\/strong><br \/>Sie erkl\u00e4ren sich damit einverstanden, dass Ihre Sprachaufzeichnung oder Ausz\u00fcge daraus ohne zus\u00e4tzliche Genehmigung und ohne Anspruch auf finanzielle Entsch\u00e4digung im In- und Ausland als Teil der kreativen, kommunikativen oder dokumentarischen Werke von Memoria Maestra \u00f6ffentlich verwendet werden d\u00fcrfen.<\/p>\n<p><strong>Verantwortung f\u00fcr den Inhalt<\/strong><br \/>Sie sind daf\u00fcr verantwortlich, dass der Inhalt Ihrer Nachricht keine Rechte Dritter verletzt, nicht beleidigend oder diffamierend ist und nicht gegen geltende Vorschriften verst\u00f6\u00dft. Pilar Galilea beh\u00e4lt sich das Recht vor, Nachrichten oder Ausz\u00fcge daraus, die nicht dem Geist oder der redaktionellen Linie des Projekts entsprechen, nicht zu verwenden.<\/p>\n<p><strong style=\"font-size: 14px;\">Personenbezogene Daten<br \/><\/strong>Ihr Name und Ihr Wohnort oder Ihr Wohnsitzland k\u00f6nnen in Verbindung mit der Urheberschaft der eingereichten Geschichte ver\u00f6ffentlicht werden. Sollten Sie in Ihrer Nachricht weitere personenbezogene Daten angeben, werden diese ausschlie\u00dflich im Rahmen des Projekts Memoria Maestra verwendet.<\/p>\n<p><strong>Widerruf der Einwilligung<\/strong><br \/>Wenn Sie diese Einwilligung zu irgendeinem Zeitpunkt widerrufen m\u00f6chten, k\u00f6nnen Sie sich an pilargalilea@gmail.com wenden. Wenn Ihre Nachricht jedoch bereits ver\u00f6ffentlicht oder in bereits verbreiteten Materialien enthalten ist, kann sie nicht r\u00fcckwirkend gel\u00f6scht werden.<\/p>\n<p><strong>&#8212;&#8212;&#8212;&#8212;&#8212;&#8212;&#8212;&#8212;&#8212;&#8212;&#8212;&#8212;&#8212;&#8212;&#8212;&#8212;&#8212;&#8212;&#8212;&#8212;&#8212;&#8212;&#8212;&#8212;&#8212;&#8212;&#8212;&#8212;&#8212;&#8212;&#8212;&#8212;&#8212;&#8212;&#8212;&#8212;&#8212;&#8212;&#8212;&#8212;&#8212;&#8212;&#8212;&#8212;<\/strong><\/p>\n<p><strong>\u00a0<br \/><\/strong><strong style=\"font-size: 14px;\">T\u00c9RMINOS Y CONDICIONES DE USO DE MENSAJES DE VOZ<\/strong><\/p>\n<p><strong style=\"font-size: 14px;\">Al enviar un mensaje de voz para formar parte del Relato Colaborativo a trav\u00e9s de cualquiera de los canales habilitados por el proyecto art\u00edstico Memoria Maestra, el\/la remitente declara haber le\u00eddo y aceptado los siguientes t\u00e9rminos y condiciones:<\/strong><\/p>\n<p><strong style=\"font-size: 14px;\">Autorizaci\u00f3n de uso<br \/><\/strong>Al enviar su mensaje de voz, usted autoriza expresamente a Pilar Galilea y al proyecto art\u00edstico Memoria Maestra a utilizar, reproducir, editar, adaptar, comunicar y publicar dicho contenido o su transcripci\u00f3n y traducci\u00f3n, en forma total o parcial, en cualquier medio f\u00edsico o digital, incluyendo pero no limitado a redes sociales, sitio web como <a href=\"http:\/\/www.pilargalilea.com\">www.pilargalilea.com<\/a>, plataformas de audio, audiovisuales, prensa u otros soportes vinculados con el proyecto.<\/p>\n<p><strong>Derechos de imagen y voz <br \/><\/strong>Usted acepta que su relato de voz o fragmentos de \u00e9l pueden ser utilizados p\u00fablicamente en territorio nacional e internacional, como parte de las piezas creativas, comunicacionales o documentales de Memoria Maestra, sin requerirse una autorizaci\u00f3n adicional y sin derecho a compensaci\u00f3n econ\u00f3mica alguna.<\/p>\n<p><strong style=\"font-size: 14px;\">Responsabilidad del contenido<br \/><\/strong>Usted es responsable de que el contenido de su mensaje no infrinja derechos de terceros, no sea ofensivo, difamatorio, ni vulnere ninguna normativa vigente. Pilar Galilea se reserva el derecho de no utilizar mensajes o fragmentos de ellos que no se ajusten al esp\u00edritu o l\u00ednea editorial del proyecto.<\/p>\n<p><strong>Datos personales <br \/><\/strong>Su nombre y ciudad o pa\u00eds de residencia, podr\u00e1 ser publicado en asociaci\u00f3n a la autor\u00eda del relato enviado y en caso de que usted entregue m\u00e1s informaci\u00f3n personal en su mensaje, esta s\u00f3lo ser\u00e1 utilizada en el marco del proyecto Memoria Maestra.<\/p>\n<p><strong style=\"font-size: 14px;\">Revocaci\u00f3n del consentimiento<br \/><\/strong>Si en alg\u00fan momento desea revocar esta autorizaci\u00f3n, puede escribir a pilargalilea@gmail.com. Sin embargo, si su mensaje ya ha sido publicado o incorporado en materiales ya difundidos, no ser\u00e1 posible eliminarlo retroactivamente.<\/p>\n<p>&#8212;&#8212;&#8212;&#8212;&#8212;&#8212;&#8212;&#8212;&#8212;&#8212;&#8212;&#8212;&#8212;&#8212;&#8212;&#8212;&#8212;&#8212;&#8212;&#8212;&#8212;&#8212;&#8212;&#8212;&#8212;&#8212;&#8212;&#8212;&#8212;&#8212;&#8212;&#8212;&#8212;&#8212;&#8212;&#8212;&#8212;&#8212;&#8212;&#8212;&#8212;&#8212;&#8212;&#8212;<\/p>\n<p><strong><br \/>TERMS AND CONDITIONS OF USE OF VOICE MESSAGES<\/strong><\/p>\n<p><strong>By sending a voice message to be part of the Collaborative Story through any of the channels enabled by the Memoria Maestra art project, the sender declares that they have read and accepted the following terms and conditions:<\/strong><\/p>\n<p><strong>Authorisation of use<br \/><\/strong>By sending your voice message, you expressly authorise Pilar Galilea and the Memoria Maestra art project to use, reproduce, edit, adapt, communicate and publish said content or its transcription and translation, in whole or in part, in any physical or digital medium, including but not limited to social networks, websites such as <a href=\"http:\/\/www.pilargalilea.com\/\">www.pilargalilea.com<\/a>, audio platforms, audiovisual media, press or other media related to the project.<\/p>\n<p><strong>Image and voice rights<br \/><\/strong>You agree that your voice recording or parts of it may be used publicly in any country as part of the creative, communicational or documentary works of Memoria Maestra, without requiring additional authorisation and without the right to any financial compensation.<\/p>\n<p><strong>Responsibility for content<br \/><\/strong>You are responsible for ensuring that the content of your message does not infringe on the rights of third parties, is not offensive or defamatory, and does not violate any applicable regulations. Pilar Galilea reserves the right not to use messages or parts of it that do not conform to the spirit or editorial line of the project.<\/p>\n<p><strong>Personal<br \/><\/strong>Your name and city or country of residence may be published in association with the authorship of the story submitted. If you provide additional personal information in your message, it will only be used within the framework of the Memoria Maestra project.<\/p>\n<p><strong>Revocation of consent<br \/><\/strong>If at any time you wish to revoke this authorisation, you can write to pilargalilea@gmail.com. However, if your message has already been published or incorporated into materials that have already been disseminated, it will not be possible to remove it retroactively.<\/p>\n<p>&nbsp;<\/p>\n<p>&nbsp;<\/p>\n<p>&nbsp;<\/p>\n<p>&nbsp;<\/p>\n<p>&nbsp;<\/p>\n<p>&nbsp;<\/p>\n<p>&nbsp;<\/p>\n<p>&nbsp;<\/p>\n<p>&nbsp;<\/p>\n<p>&nbsp;<\/p>\n<p>&nbsp;<\/p>\n<p><!-- \/divi:paragraph -->[\/et_pb_text][\/et_pb_column][\/et_pb_row][\/et_pb_section]<\/p>\n","protected":false},"excerpt":{"rendered":"<p>NUTZUNGSBEDINGUNGEN F\u00dcR SPRACHNACHRICHTEN Mit dem Absenden einer Sprachnachricht als Beitrag zum Gemeinschaftsprojekt \u00fcber einen der vom Kunstprojekt Memoria Maestra bereitgestellten Kan\u00e4le erkl\u00e4rt der Absender, die folgenden Nutzungsbedingungen gelesen und akzeptiert zu haben: NutzungsgenehmigungMit dem Absenden Ihrer Sprachnachricht erm\u00e4chtigen Sie Pilar Galilea und das Kunstprojekt Memoria Maestra ausdr\u00fccklich, diesen Inhalt oder dessen Transkription und \u00dcbersetzung ganz [&hellip;]<\/p>\n","protected":false},"author":1,"featured_media":0,"parent":0,"menu_order":0,"comment_status":"closed","ping_status":"closed","template":"","meta":{"_et_pb_use_builder":"on","_et_pb_old_content":"<!-- wp:heading -->\n<h2 class=\"wp-block-heading\">Who we are<\/h2>\n<!-- \/wp:heading -->\n<!-- wp:paragraph -->\n<p><strong class=\"privacy-policy-tutorial\">Suggested text: <\/strong>Our website address is: https:\/\/pilargalilea.com\/memoria.<\/p>\n<!-- \/wp:paragraph -->\n<!-- wp:heading -->\n<h2 class=\"wp-block-heading\">Comments<\/h2>\n<!-- \/wp:heading -->\n<!-- wp:paragraph -->\n<p><strong class=\"privacy-policy-tutorial\">Suggested text: <\/strong>When visitors leave comments on the site we collect the data shown in the comments form, and also the visitor&#8217;s IP address and browser user agent string to help spam detection.<\/p>\n<!-- \/wp:paragraph -->\n<!-- wp:paragraph -->\n<p>An anonymized string created from your email address (also called a hash) may be provided to the Gravatar service to see if you are using it. The Gravatar service privacy policy is available here: https:\/\/automattic.com\/privacy\/. After approval of your comment, your profile picture is visible to the public in the context of your comment.<\/p>\n<!-- \/wp:paragraph -->\n<!-- wp:heading -->\n<h2 class=\"wp-block-heading\">Media<\/h2>\n<!-- \/wp:heading -->\n<!-- wp:paragraph -->\n<p><strong class=\"privacy-policy-tutorial\">Suggested text: <\/strong>If you upload images to the website, you should avoid uploading images with embedded location data (EXIF GPS) included. Visitors to the website can download and extract any location data from images on the website.<\/p>\n<!-- \/wp:paragraph -->\n<!-- wp:heading -->\n<h2 class=\"wp-block-heading\">Cookies<\/h2>\n<!-- \/wp:heading -->\n<!-- wp:paragraph -->\n<p><strong class=\"privacy-policy-tutorial\">Suggested text: <\/strong>If you leave a comment on our site you may opt-in to saving your name, email address and website in cookies. These are for your convenience so that you do not have to fill in your details again when you leave another comment. These cookies will last for one year.<\/p>\n<!-- \/wp:paragraph -->\n<!-- wp:paragraph -->\n<p>If you visit our login page, we will set a temporary cookie to determine if your browser accepts cookies. This cookie contains no personal data and is discarded when you close your browser.<\/p>\n<!-- \/wp:paragraph -->\n<!-- wp:paragraph -->\n<p>When you log in, we will also set up several cookies to save your login information and your screen display choices. Login cookies last for two days, and screen options cookies last for a year. If you select &quot;Remember Me&quot;, your login will persist for two weeks. If you log out of your account, the login cookies will be removed.<\/p>\n<!-- \/wp:paragraph -->\n<!-- wp:paragraph -->\n<p>If you edit or publish an article, an additional cookie will be saved in your browser. This cookie includes no personal data and simply indicates the post ID of the article you just edited. It expires after 1 day.<\/p>\n<!-- \/wp:paragraph -->\n<!-- wp:heading -->\n<h2 class=\"wp-block-heading\">Embedded content from other websites<\/h2>\n<!-- \/wp:heading -->\n<!-- wp:paragraph -->\n<p><strong class=\"privacy-policy-tutorial\">Suggested text: <\/strong>Articles on this site may include embedded content (e.g. videos, images, articles, etc.). Embedded content from other websites behaves in the exact same way as if the visitor has visited the other website.<\/p>\n<!-- \/wp:paragraph -->\n<!-- wp:paragraph -->\n<p>These websites may collect data about you, use cookies, embed additional third-party tracking, and monitor your interaction with that embedded content, including tracking your interaction with the embedded content if you have an account and are logged in to that website.<\/p>\n<!-- \/wp:paragraph -->\n<!-- wp:heading -->\n<h2 class=\"wp-block-heading\">Who we share your data with<\/h2>\n<!-- \/wp:heading -->\n<!-- wp:paragraph -->\n<p><strong class=\"privacy-policy-tutorial\">Suggested text: <\/strong>If you request a password reset, your IP address will be included in the reset email.<\/p>\n<!-- \/wp:paragraph -->\n<!-- wp:heading -->\n<h2 class=\"wp-block-heading\">How long we retain your data<\/h2>\n<!-- \/wp:heading -->\n<!-- wp:paragraph -->\n<p><strong class=\"privacy-policy-tutorial\">Suggested text: <\/strong>If you leave a comment, the comment and its metadata are retained indefinitely. This is so we can recognize and approve any follow-up comments automatically instead of holding them in a moderation queue.<\/p>\n<!-- \/wp:paragraph -->\n<!-- wp:paragraph -->\n<p>For users that register on our website (if any), we also store the personal information they provide in their user profile. All users can see, edit, or delete their personal information at any time (except they cannot change their username). Website administrators can also see and edit that information.<\/p>\n<!-- \/wp:paragraph -->\n<!-- wp:heading -->\n<h2 class=\"wp-block-heading\">What rights you have over your data<\/h2>\n<!-- \/wp:heading -->\n<!-- wp:paragraph -->\n<p><strong class=\"privacy-policy-tutorial\">Suggested text: <\/strong>If you have an account on this site, or have left comments, you can request to receive an exported file of the personal data we hold about you, including any data you have provided to us. You can also request that we erase any personal data we hold about you. This does not include any data we are obliged to keep for administrative, legal, or security purposes.<\/p>\n<!-- \/wp:paragraph -->\n<!-- wp:heading -->\n<h2 class=\"wp-block-heading\">Where your data is sent<\/h2>\n<!-- \/wp:heading -->\n<!-- wp:paragraph -->\n<p><strong class=\"privacy-policy-tutorial\">Suggested text: <\/strong>Visitor comments may be checked through an automated spam detection service.<\/p>\n<!-- \/wp:paragraph -->\n","_et_gb_content_width":"","footnotes":""},"class_list":["post-3","page","type-page","status-publish","hentry"],"_links":{"self":[{"href":"https:\/\/pilargalilea.com\/memoria\/wp-json\/wp\/v2\/pages\/3","targetHints":{"allow":["GET"]}}],"collection":[{"href":"https:\/\/pilargalilea.com\/memoria\/wp-json\/wp\/v2\/pages"}],"about":[{"href":"https:\/\/pilargalilea.com\/memoria\/wp-json\/wp\/v2\/types\/page"}],"author":[{"embeddable":true,"href":"https:\/\/pilargalilea.com\/memoria\/wp-json\/wp\/v2\/users\/1"}],"replies":[{"embeddable":true,"href":"https:\/\/pilargalilea.com\/memoria\/wp-json\/wp\/v2\/comments?post=3"}],"version-history":[{"count":4,"href":"https:\/\/pilargalilea.com\/memoria\/wp-json\/wp\/v2\/pages\/3\/revisions"}],"predecessor-version":[{"id":550,"href":"https:\/\/pilargalilea.com\/memoria\/wp-json\/wp\/v2\/pages\/3\/revisions\/550"}],"wp:attachment":[{"href":"https:\/\/pilargalilea.com\/memoria\/wp-json\/wp\/v2\/media?parent=3"}],"curies":[{"name":"wp","href":"https:\/\/api.w.org\/{rel}","templated":true}]}}