{"id":168,"date":"2025-06-12T23:12:02","date_gmt":"2025-06-12T23:12:02","guid":{"rendered":"https:\/\/pilargalilea.com\/memoria\/?page_id=168"},"modified":"2025-12-01T12:31:25","modified_gmt":"2025-12-01T12:31:25","slug":"relato-colaborativo","status":"publish","type":"page","link":"https:\/\/pilargalilea.com\/memoria\/relato-colaborativo\/","title":{"rendered":"Relato Colaborativo"},"content":{"rendered":"<p>[et_pb_section fb_built=\u00bb1&#8243; fullwidth=\u00bbon\u00bb _builder_version=\u00bb4.27.4&#8243; _module_preset=\u00bbdefault\u00bb background_image=\u00bbhttps:\/\/pilargalilea.com\/memoria\/wp-content\/uploads\/2025\/06\/img.jpeg\u00bb parallax=\u00bbon\u00bb height=\u00bb85vh\u00bb global_colors_info=\u00bb{}\u00bb][\/et_pb_section][et_pb_section fb_built=\u00bb1&#8243; _builder_version=\u00bb4.27.4&#8243; _module_preset=\u00bbdefault\u00bb global_colors_info=\u00bb{}\u00bb][et_pb_row use_custom_gutter=\u00bbon\u00bb gutter_width=\u00bb2&#8243; make_equal=\u00bbon\u00bb _builder_version=\u00bb4.27.4&#8243; _module_preset=\u00bbdefault\u00bb width=\u00bb60%\u00bb width_tablet=\u00bb60%\u00bb width_phone=\u00bb90%\u00bb width_last_edited=\u00bbon|phone\u00bb custom_margin=\u00bb||0px||false|false\u00bb custom_padding=\u00bb||0px||false|false\u00bb global_colors_info=\u00bb{}\u00bb][et_pb_column type=\u00bb4_4&#8243; _builder_version=\u00bb4.27.4&#8243; _module_preset=\u00bbdefault\u00bb global_colors_info=\u00bb{}\u00bb][et_pb_heading title=\u00bbRELATO COLABORATIVO\u00bb _builder_version=\u00bb4.27.4&#8243; _module_preset=\u00bbdefault\u00bb title_font=\u00bb&#8211;et_global_body_font|300||on|||||\u00bb title_text_color=\u00bb#333333&#8243; title_font_size=\u00bb20px\u00bb title_letter_spacing=\u00bb4px\u00bb global_colors_info=\u00bb{}\u00bb][\/et_pb_heading][et_pb_text _builder_version=\u00bb4.27.4&#8243; _module_preset=\u00bbdefault\u00bb text_font=\u00bb|300|||||||\u00bb text_font_size=\u00bb16px\u00bb text_line_height=\u00bb2em\u00bb locked=\u00bboff\u00bb global_colors_info=\u00bb{}\u00bb]<\/p>\n<p><span>\u00a1Demos voz y coraz\u00f3n a la memoria colectiva de lo hecho a mano!<\/span><\/p>\n<div>Si quieres participar en el <strong><em>Relato Colaborativo<\/em><\/strong> que se ir\u00e1 construyendo a lo largo del tiempo de exhibici\u00f3n de MEMORIA MAESTRA,\u00a0 s\u00f3lo <strong><a href=\"https:\/\/wa.me\/message\/HZVMYDH7R7YWA1\">pincha aqu\u00ed<\/a><\/strong> y env\u00edame un mensaje de voz nombrando tu oficio y compartiendo alguna experiencia personal sobre su pr\u00e1ctica. Te recomiendo que grabes el mensaje en un lugar cerrado y silencioso, con el micr\u00f3fono de tu m\u00f3vil apuntando hacia tu boca, a una cuarta de distancia (20 cm).<br \/>Al enviar el mensaje est\u00e1s aceptando que \u00e9ste sea incorporado al proyecto seg\u00fan los siguientes <a href=\"https:\/\/pilargalilea.com\/memoria\/terminos-y-condiciones\/\">T\u00e9rminos y Condiciones<\/a>.<\/div>\n<div><\/div>\n<div><\/div>\n<p>[\/et_pb_text][et_pb_code disabled_on=\u00bbon|on|on\u00bb _builder_version=\u00bb4.27.4&#8243; _module_preset=\u00bbdefault\u00bb disabled=\u00bbon\u00bb global_colors_info=\u00bb{}\u00bb]<audio controls><!-- [et_pb_line_break_holder] --><source src=\"https:\/\/pilargalilea.com\/memoria\/wp-content\/uploads\/2025\/06\/Tejedora-web.m4a\" type=\"audio\/mpeg\"><!-- [et_pb_line_break_holder] -->  Tu navegador no soporta audio. Descarga el archivo <a href=\"https:\/\/pilargalilea.com\/memoria\/wp-content\/uploads\/2025\/06\/Tejedora-web.m4a\">aqu\u00ed<\/a>.<!-- [et_pb_line_break_holder] --><\/audio>[\/et_pb_code][et_pb_code disabled_on=\u00bboff|off|off\u00bb _builder_version=\u00bb4.27.4&#8243; _module_preset=\u00bbdefault\u00bb text_orientation=\u00bbleft\u00bb custom_margin=\u00bb||0px||false|false\u00bb custom_padding=\u00bb7%||0px||false|false\u00bb hover_enabled=\u00bb0&#8243; global_colors_info=\u00bb{}\u00bb sticky_enabled=\u00bb0&#8243;]<audio controls><!-- [et_pb_line_break_holder] --><source src=\"https:\/\/pilargalilea.com\/memoria\/wp-content\/uploads\/2025\/12\/Artesano-en-Totora_-Miguel-desde-Puente-Alto.mp3\" type=\"audio\/mpeg\"><!-- [et_pb_line_break_holder] -->  Tu navegador no soporta audio. Descarga el archivo <a href=\"https:\/\/pilargalilea.com\/memoria\/wp-content\/uploads\/2025\/12\/Artesano-en-Totora_-Miguel-desde-Puente-Alto.mp3\">aqu\u00ed<\/a>.<!-- [et_pb_line_break_holder] --><\/audio>[\/et_pb_code][et_pb_text _builder_version=\u00bb4.27.4&#8243; _module_preset=\u00bbdefault\u00bb text_font=\u00bb|300|||||||\u00bb text_font_size=\u00bb16px\u00bb text_line_height=\u00bb2em\u00bb custom_margin=\u00bb0px||||false|false\u00bb custom_padding=\u00bb0px||3%||false|false\u00bb locked=\u00bboff\u00bb global_colors_info=\u00bb{}\u00bb]<\/p>\n<div><em>\u00a0 \u00a0Artesano en Totora<\/em>, Miguel desde Puente Alto.<\/div>\n<div><\/div>\n<p>[\/et_pb_text][et_pb_code disabled_on=\u00bboff|off|off\u00bb _builder_version=\u00bb4.27.4&#8243; _module_preset=\u00bbdefault\u00bb text_orientation=\u00bbleft\u00bb custom_margin=\u00bb||0px||false|false\u00bb custom_padding=\u00bb0px||0px||false|false\u00bb hover_enabled=\u00bb0&#8243; global_colors_info=\u00bb{}\u00bb sticky_enabled=\u00bb0&#8243;]<audio controls><!-- [et_pb_line_break_holder] --><source src=\"https:\/\/pilargalilea.com\/memoria\/wp-content\/uploads\/2025\/11\/Ceramista-Carolina-desde-Margate.mp3\" type=\"audio\/mpeg\"><!-- [et_pb_line_break_holder] -->  Tu navegador no soporta audio. Descarga el archivo <a href=\"https:\/\/pilargalilea.com\/memoria\/wp-content\/uploads\/2025\/11\/Ceramista-Carolina-desde-Margate.mp3\">aqu\u00ed<\/a>.<!-- [et_pb_line_break_holder] --><\/audio>[\/et_pb_code][et_pb_text _builder_version=\u00bb4.27.4&#8243; _module_preset=\u00bbdefault\u00bb text_font=\u00bb|300|||||||\u00bb text_font_size=\u00bb16px\u00bb text_line_height=\u00bb2em\u00bb custom_margin=\u00bb0px||||false|false\u00bb custom_padding=\u00bb0px||3%||false|false\u00bb locked=\u00bboff\u00bb global_colors_info=\u00bb{}\u00bb]<\/p>\n<div><em>\u00a0 \u00a0Ceramista<\/em>, Carolina desde Margate.<\/div>\n<div><\/div>\n<p>[\/et_pb_text][et_pb_code disabled_on=\u00bboff|off|off\u00bb _builder_version=\u00bb4.27.4&#8243; _module_preset=\u00bbdefault\u00bb text_orientation=\u00bbleft\u00bb custom_margin=\u00bb||0px||false|false\u00bb custom_padding=\u00bb||0px||false|false\u00bb hover_enabled=\u00bb0&#8243; global_colors_info=\u00bb{}\u00bb sticky_enabled=\u00bb0&#8243;]<audio controls><!-- [et_pb_line_break_holder] --><source src=\"https:\/\/pilargalilea.com\/memoria\/wp-content\/uploads\/2025\/11\/Musico-y-Luthier_-Joel-desde-Penalolen.mp3\" type=\"audio\/mpeg\"><!-- [et_pb_line_break_holder] -->  Tu navegador no soporta audio. Descarga el archivo <a href=\"https:\/\/pilargalilea.com\/memoria\/wp-content\/uploads\/2025\/11\/Musico-y-Luthier_-Joel-desde-Penalolen.mp3\">aqu\u00ed<\/a>.<!-- [et_pb_line_break_holder] --><\/audio>[\/et_pb_code][et_pb_text _builder_version=\u00bb4.27.4&#8243; _module_preset=\u00bbdefault\u00bb text_font=\u00bb|300|||||||\u00bb text_font_size=\u00bb16px\u00bb text_line_height=\u00bb2em\u00bb custom_margin=\u00bb0px||||false|false\u00bb custom_padding=\u00bb0px||3%||false|false\u00bb locked=\u00bboff\u00bb global_colors_info=\u00bb{}\u00bb]<\/p>\n<div><em>\u00a0 \u00a0M\u00fasico y Luthier, <\/em>Joel desde Pe\u00f1alol\u00e9n.<\/div>\n<div><\/div>\n<p>[\/et_pb_text][et_pb_code disabled_on=\u00bboff|off|off\u00bb _builder_version=\u00bb4.27.4&#8243; _module_preset=\u00bbdefault\u00bb text_orientation=\u00bbleft\u00bb custom_margin=\u00bb||0px||false|false\u00bb custom_padding=\u00bb||0px||false|false\u00bb global_colors_info=\u00bb{}\u00bb]<audio controls><!-- [et_pb_line_break_holder] --><source src=\"https:\/\/pilargalilea.com\/memoria\/wp-content\/uploads\/2025\/11\/Estampadora-con-tintes-naturales_-Solange-desde-Sant-Cugat-del-Valles.mp3\" type=\"audio\/mpeg\"><!-- [et_pb_line_break_holder] -->  Tu navegador no soporta audio. Descarga el archivo <a href=\"https:\/\/pilargalilea.com\/memoria\/wp-content\/uploads\/2025\/11\/Estampadora-con-tintes-naturales_-Solange-desde-Sant-Cugat-del-Valles.mp3\">aqu\u00ed<\/a>.<!-- [et_pb_line_break_holder] --><\/audio>[\/et_pb_code][et_pb_code disabled_on=\u00bboff|off|off\u00bb _builder_version=\u00bb4.27.4&#8243; _module_preset=\u00bbdefault\u00bb text_orientation=\u00bbleft\u00bb custom_margin=\u00bb||0px||false|false\u00bb custom_padding=\u00bb||0px||false|false\u00bb global_colors_info=\u00bb{}\u00bb]<au<!-- [et_pb_line_break_holder] --><\/audio>[\/et_pb_code][et_pb_text _builder_version=\u00bb4.27.4&#8243; _module_preset=\u00bbdefault\u00bb text_font=\u00bb|300|||||||\u00bb text_font_size=\u00bb16px\u00bb text_line_height=\u00bb2em\u00bb custom_margin=\u00bb0px||||false|false\u00bb custom_padding=\u00bb0px||3%||false|false\u00bb locked=\u00bboff\u00bb global_colors_info=\u00bb{}\u00bb]<\/p>\n<div><em>\u00a0 \u00a0Estampadora con tintes naturales, <\/em>Solange desde Sant Cugat del Vall\u00e8s.<\/div>\n<div><\/div>\n<p>[\/et_pb_text][et_pb_code disabled_on=\u00bboff|off|off\u00bb _builder_version=\u00bb4.27.4&#8243; _module_preset=\u00bbdefault\u00bb text_orientation=\u00bbleft\u00bb custom_margin=\u00bb||0px||false|false\u00bb custom_padding=\u00bb||0px||false|false\u00bb global_colors_info=\u00bb{}\u00bb]<audio controls><!-- [et_pb_line_break_holder] --><source src=\"https:\/\/pilargalilea.com\/memoria\/wp-content\/uploads\/2025\/11\/Guitarrista_-Gabriel-desde-el-Cajon-del-Maipo.mp3\" type=\"audio\/mpeg\"><!-- [et_pb_line_break_holder] -->  Tu navegador no soporta audio. Descarga el archivo <a href=\"https:\/\/pilargalilea.com\/memoria\/wp-content\/uploads\/2025\/11\/Guitarrista_-Gabriel-desde-el-Cajon-del-Maipo.mp3\">aqu\u00ed<\/a>.<!-- [et_pb_line_break_holder] --><\/audio>[\/et_pb_code][et_pb_text _builder_version=\u00bb4.27.4&#8243; _module_preset=\u00bbdefault\u00bb text_font=\u00bb|300|||||||\u00bb text_font_size=\u00bb16px\u00bb text_line_height=\u00bb2em\u00bb custom_margin=\u00bb0px||||false|false\u00bb custom_padding=\u00bb0px||3%||false|false\u00bb locked=\u00bboff\u00bb global_colors_info=\u00bb{}\u00bb]<\/p>\n<div><em>\u00a0 \u00a0Guitarrista, Gabriel <\/em>desde el Caj\u00f3n del Maipo.<\/div>\n<div><\/div>\n<p>[\/et_pb_text][et_pb_code disabled_on=\u00bboff|off|off\u00bb _builder_version=\u00bb4.27.4&#8243; _module_preset=\u00bbdefault\u00bb text_orientation=\u00bbleft\u00bb custom_margin=\u00bb||0px||false|false\u00bb custom_padding=\u00bb||0px||false|false\u00bb global_colors_info=\u00bb{}\u00bb]<audio controls><!-- [et_pb_line_break_holder] --><source src=\"https:\/\/pilargalilea.com\/memoria\/wp-content\/uploads\/2025\/11\/Chocolatero-Fabio-desde-Las-Condes.mp3\" type=\"audio\/mpeg\"><!-- [et_pb_line_break_holder] -->  Tu navegador no soporta audio. Descarga el archivo <a href=\"https:\/\/pilargalilea.com\/memoria\/wp-content\/uploads\/2025\/11\/Chocolatero-Fabio-desde-Las-Condes.mp3\">aqu\u00ed<\/a>.<!-- [et_pb_line_break_holder] --><\/audio>[\/et_pb_code][et_pb_text _builder_version=\u00bb4.27.4&#8243; _module_preset=\u00bbdefault\u00bb text_font=\u00bb|300|||||||\u00bb text_font_size=\u00bb16px\u00bb text_line_height=\u00bb2em\u00bb custom_margin=\u00bb0px||||false|false\u00bb custom_padding=\u00bb0px||3%||false|false\u00bb locked=\u00bboff\u00bb global_colors_info=\u00bb{}\u00bb]<\/p>\n<div><em>\u00a0 \u00a0Chocolatero, <\/em>Fabio desde Las Condes.<\/div>\n<div><\/div>\n<p>[\/et_pb_text][et_pb_code disabled_on=\u00bboff|off|off\u00bb _builder_version=\u00bb4.27.4&#8243; _module_preset=\u00bbdefault\u00bb text_orientation=\u00bbleft\u00bb custom_margin=\u00bb||0px||false|false\u00bb custom_padding=\u00bb||0px||false|false\u00bb global_colors_info=\u00bb{}\u00bb]<audio controls><!-- [et_pb_line_break_holder] --><source src=\"https:\/\/pilargalilea.com\/memoria\/wp-content\/uploads\/2025\/11\/Macramista-Maria-Eugenia-desde-Nunoa.m4a\" type=\"audio\/mpeg\"><!-- [et_pb_line_break_holder] -->  Tu navegador no soporta audio. Descarga el archivo <a href=\"https:\/\/pilargalilea.com\/memoria\/wp-content\/uploads\/2025\/11\/Macramista-Maria-Eugenia-desde-Nunoa.m4a\">aqu\u00ed<\/a>.<!-- [et_pb_line_break_holder] --><\/audio>[\/et_pb_code][et_pb_text _builder_version=\u00bb4.27.4&#8243; _module_preset=\u00bbdefault\u00bb text_font=\u00bb|300|||||||\u00bb text_font_size=\u00bb16px\u00bb text_line_height=\u00bb2em\u00bb custom_margin=\u00bb0px||||false|false\u00bb custom_padding=\u00bb0px||3%||false|false\u00bb locked=\u00bboff\u00bb global_colors_info=\u00bb{}\u00bb]<\/p>\n<div><em>\u00a0 \u00a0Macramista, Mar\u00eda Eugenia <\/em>desde \u00d1u\u00f1oa.<\/div>\n<div><\/div>\n<p>[\/et_pb_text][et_pb_code disabled_on=\u00bboff|off|off\u00bb _builder_version=\u00bb4.27.4&#8243; _module_preset=\u00bbdefault\u00bb text_orientation=\u00bbleft\u00bb custom_margin=\u00bb||0px||false|false\u00bb custom_padding=\u00bb||0px||false|false\u00bb global_colors_info=\u00bb{}\u00bb]<audio controls><!-- [et_pb_line_break_holder] --><source src=\"https:\/\/pilargalilea.com\/memoria\/wp-content\/uploads\/2025\/11\/Bajista-Daniel-desde-Nunoa.mp3\" type=\"audio\/mpeg\"><!-- [et_pb_line_break_holder] -->  Tu navegador no soporta audio. Descarga el archivo <a href=\"https:\/\/pilargalilea.com\/memoria\/wp-content\/uploads\/2025\/11\/Bajista-Daniel-desde-Nunoa.mp3\">aqu\u00ed<\/a>.<!-- [et_pb_line_break_holder] --><\/audio>[\/et_pb_code][et_pb_text _builder_version=\u00bb4.27.4&#8243; _module_preset=\u00bbdefault\u00bb text_font=\u00bb|300|||||||\u00bb text_font_size=\u00bb16px\u00bb text_line_height=\u00bb2em\u00bb custom_margin=\u00bb0px||||false|false\u00bb custom_padding=\u00bb0px||3%||false|false\u00bb locked=\u00bboff\u00bb global_colors_info=\u00bb{}\u00bb]<\/p>\n<div><em>\u00a0 \u00a0Bajista, Daniel <\/em>desde \u00d1u\u00f1oa.<\/div>\n<div><\/div>\n<p>[\/et_pb_text][et_pb_code disabled_on=\u00bboff|off|off\u00bb _builder_version=\u00bb4.27.4&#8243; _module_preset=\u00bbdefault\u00bb text_orientation=\u00bbleft\u00bb custom_margin=\u00bb||0px||false|false\u00bb custom_padding=\u00bb||0px||false|false\u00bb global_colors_info=\u00bb{}\u00bb]<audio controls><!-- [et_pb_line_break_holder] --><source src=\"https:\/\/pilargalilea.com\/memoria\/wp-content\/uploads\/2025\/11\/Pintora_-Yael-desde-Providencia.mp3\" type=\"audio\/mpeg\"><!-- [et_pb_line_break_holder] -->  Tu navegador no soporta audio. Descarga el archivo <a href=\"https:\/\/pilargalilea.com\/memoria\/wp-content\/uploads\/2025\/11\/Pintora_-Yael-desde-Providencia.mp3\">aqu\u00ed<\/a>.<!-- [et_pb_line_break_holder] --><\/audio>[\/et_pb_code][et_pb_text _builder_version=\u00bb4.27.4&#8243; _module_preset=\u00bbdefault\u00bb text_font=\u00bb|300|||||||\u00bb text_font_size=\u00bb16px\u00bb text_line_height=\u00bb2em\u00bb custom_margin=\u00bb0px||||false|false\u00bb custom_padding=\u00bb0px||3%||false|false\u00bb locked=\u00bboff\u00bb global_colors_info=\u00bb{}\u00bb]<\/p>\n<div><em>\u00a0 \u00a0Pintora, <\/em>Yael desde Providencia.<\/div>\n<div><\/div>\n<p>[\/et_pb_text][et_pb_code disabled_on=\u00bboff|off|off\u00bb _builder_version=\u00bb4.27.4&#8243; _module_preset=\u00bbdefault\u00bb text_orientation=\u00bbleft\u00bb custom_margin=\u00bb||0px||false|false\u00bb custom_padding=\u00bb||0px||false|false\u00bb global_colors_info=\u00bb{}\u00bb]<audio controls><!-- [et_pb_line_break_holder] --><source src=\"https:\/\/pilargalilea.com\/memoria\/wp-content\/uploads\/2025\/11\/Cocinera_-Maria-Jose-desde-Osorno.mp3\" type=\"audio\/mpeg\"><!-- [et_pb_line_break_holder] -->  Tu navegador no soporta audio. Descarga el archivo <a href=\"https:\/\/pilargalilea.com\/memoria\/wp-content\/uploads\/2025\/11\/Cocinera_-Maria-Jose-desde-Osorno.mp3\">aqu\u00ed<\/a>.<!-- [et_pb_line_break_holder] --><\/audio>[\/et_pb_code][et_pb_text _builder_version=\u00bb4.27.4&#8243; _module_preset=\u00bbdefault\u00bb text_font=\u00bb|300|||||||\u00bb text_font_size=\u00bb16px\u00bb text_line_height=\u00bb2em\u00bb custom_margin=\u00bb0px||||false|false\u00bb custom_padding=\u00bb0px||3%||false|false\u00bb locked=\u00bboff\u00bb global_colors_info=\u00bb{}\u00bb]<\/p>\n<div><em>\u00a0 \u00a0Cocinera, Mar\u00eda Jos\u00e9 <\/em>desde Osorno.<\/div>\n<div><\/div>\n<p>[\/et_pb_text][et_pb_code disabled_on=\u00bboff|off|off\u00bb _builder_version=\u00bb4.27.4&#8243; _module_preset=\u00bbdefault\u00bb text_orientation=\u00bbleft\u00bb custom_margin=\u00bb||0px||false|false\u00bb custom_padding=\u00bb||0px||false|false\u00bb global_colors_info=\u00bb{}\u00bb]<audio controls><!-- [et_pb_line_break_holder] --><source src=\"https:\/\/pilargalilea.com\/memoria\/wp-content\/uploads\/2025\/11\/Pintor_-Sebastian-desde-Berlin.mp3\" type=\"audio\/mpeg\"><!-- [et_pb_line_break_holder] -->  Tu navegador no soporta audio. Descarga el archivo <a href=\"https:\/\/pilargalilea.com\/memoria\/wp-content\/uploads\/2025\/11\/Pintor_-Sebastian-desde-Berlin.mp3\">aqu\u00ed<\/a>.<!-- [et_pb_line_break_holder] --><\/audio>[\/et_pb_code][et_pb_text _builder_version=\u00bb4.27.4&#8243; _module_preset=\u00bbdefault\u00bb text_font=\u00bb|300|||||||\u00bb text_font_size=\u00bb16px\u00bb text_line_height=\u00bb2em\u00bb custom_margin=\u00bb0px||||false|false\u00bb custom_padding=\u00bb0px||3%||false|false\u00bb locked=\u00bboff\u00bb global_colors_info=\u00bb{}\u00bb]<\/p>\n<div><em>\u00a0 \u00a0Pintor, Sebasti\u00e1n desde Berl\u00edn<\/em>.<\/div>\n<div><\/div>\n<p>[\/et_pb_text][et_pb_code disabled_on=\u00bboff|off|off\u00bb _builder_version=\u00bb4.27.4&#8243; _module_preset=\u00bbdefault\u00bb text_orientation=\u00bbleft\u00bb custom_margin=\u00bb||0px||false|false\u00bb custom_padding=\u00bb||0px||false|false\u00bb global_colors_info=\u00bb{}\u00bb]<audio controls><!-- [et_pb_line_break_holder] --><source src=\"https:\/\/pilargalilea.com\/memoria\/wp-content\/uploads\/2025\/11\/Encuadernadora-y-Recolectora-de-plantas-aromaticas_-Cecilia-desde-Limache.mp3\" type=\"audio\/mpeg\"><!-- [et_pb_line_break_holder] -->  Tu navegador no soporta audio. Descarga el archivo <a href=\"https:\/\/pilargalilea.com\/memoria\/wp-content\/uploads\/2025\/11\/Encuadernadora-y-Recolectora-de-plantas-aromaticas_-Cecilia-desde-Limache.mp3\">aqu\u00ed<\/a>.<!-- [et_pb_line_break_holder] --><\/audio>[\/et_pb_code][et_pb_text _builder_version=\u00bb4.27.4&#8243; _module_preset=\u00bbdefault\u00bb text_font=\u00bb|300|||||||\u00bb text_font_size=\u00bb16px\u00bb text_line_height=\u00bb2em\u00bb custom_margin=\u00bb0px||||false|false\u00bb custom_padding=\u00bb0px||3%||false|false\u00bb locked=\u00bboff\u00bb global_colors_info=\u00bb{}\u00bb]<\/p>\n<div><em>\u00a0 \u00a0Encuadernadora y Recolectora de hierbas arom\u00e1ticas, <\/em>Cecilia desde Limache.<\/div>\n<div><\/div>\n<p>[\/et_pb_text][et_pb_code disabled_on=\u00bboff|off|off\u00bb _builder_version=\u00bb4.27.4&#8243; _module_preset=\u00bbdefault\u00bb text_orientation=\u00bbleft\u00bb custom_margin=\u00bb||0px||false|false\u00bb custom_padding=\u00bb||0px||false|false\u00bb global_colors_info=\u00bb{}\u00bb]<audio controls><!-- [et_pb_line_break_holder] --><source src=\"https:\/\/pilargalilea.com\/memoria\/wp-content\/uploads\/2025\/11\/Dibujante-Catalina-desde-Valdivia.mp3\" type=\"audio\/mpeg\"><!-- [et_pb_line_break_holder] -->  Tu navegador no soporta audio. Descarga el archivo <a href=\"https:\/\/pilargalilea.com\/memoria\/wp-content\/uploads\/2025\/11\/Dibujante-Catalina-desde-Valdivia.mp3\">aqu\u00ed<\/a>.<!-- [et_pb_line_break_holder] --><\/audio>[\/et_pb_code][et_pb_text _builder_version=\u00bb4.27.4&#8243; _module_preset=\u00bbdefault\u00bb text_font=\u00bb|300|||||||\u00bb text_font_size=\u00bb16px\u00bb text_line_height=\u00bb2em\u00bb custom_margin=\u00bb0px||||false|false\u00bb custom_padding=\u00bb0px||3%||false|false\u00bb locked=\u00bboff\u00bb global_colors_info=\u00bb{}\u00bb]<\/p>\n<div><em>\u00a0 \u00a0Dibujante, Catalina<\/em> desde Valdivia.<\/div>\n<div><\/div>\n<p>[\/et_pb_text][et_pb_code disabled_on=\u00bboff|off|off\u00bb _builder_version=\u00bb4.27.4&#8243; _module_preset=\u00bbdefault\u00bb text_orientation=\u00bbleft\u00bb custom_margin=\u00bb||0px||false|false\u00bb custom_padding=\u00bb||0px||false|false\u00bb global_colors_info=\u00bb{}\u00bb]<audio controls><!-- [et_pb_line_break_holder] --><source src=\"https:\/\/pilargalilea.com\/memoria\/wp-content\/uploads\/2025\/11\/Ilustrador_-Juanito-desde-Osorno.mp3\" type=\"audio\/mpeg\"><!-- [et_pb_line_break_holder] -->  Tu navegador no soporta audio. Descarga el archivo <a href=\"https:\/\/pilargalilea.com\/memoria\/wp-content\/uploads\/2025\/11\/Ilustrador_-Juanito-desde-Osorno.mp3\">aqu\u00ed<\/a>.<!-- [et_pb_line_break_holder] --><\/audio>[\/et_pb_code][et_pb_text _builder_version=\u00bb4.27.4&#8243; _module_preset=\u00bbdefault\u00bb text_font=\u00bb|300|||||||\u00bb text_font_size=\u00bb16px\u00bb text_line_height=\u00bb2em\u00bb custom_margin=\u00bb0px||||false|false\u00bb custom_padding=\u00bb0px||3%||false|false\u00bb locked=\u00bboff\u00bb global_colors_info=\u00bb{}\u00bb]<\/p>\n<div><em>\u00a0 \u00a0Ilustrador, <\/em>Juanito desde Osorno.<\/div>\n<div><\/div>\n<p>[\/et_pb_text][\/et_pb_column][\/et_pb_row][\/et_pb_section]<\/p>\n","protected":false},"excerpt":{"rendered":"<p>\u00a1Demos voz y coraz\u00f3n a la memoria colectiva de lo hecho a mano! Si quieres participar en el Relato Colaborativo que se ir\u00e1 construyendo a lo largo del tiempo de exhibici\u00f3n de MEMORIA MAESTRA,\u00a0 s\u00f3lo pincha aqu\u00ed y env\u00edame un mensaje de voz nombrando tu oficio y compartiendo alguna experiencia personal sobre su pr\u00e1ctica. Te [&hellip;]<\/p>\n","protected":false},"author":2,"featured_media":0,"parent":0,"menu_order":0,"comment_status":"closed","ping_status":"closed","template":"","meta":{"_et_pb_use_builder":"on","_et_pb_old_content":"","_et_gb_content_width":"","footnotes":""},"class_list":["post-168","page","type-page","status-publish","hentry"],"_links":{"self":[{"href":"https:\/\/pilargalilea.com\/memoria\/wp-json\/wp\/v2\/pages\/168","targetHints":{"allow":["GET"]}}],"collection":[{"href":"https:\/\/pilargalilea.com\/memoria\/wp-json\/wp\/v2\/pages"}],"about":[{"href":"https:\/\/pilargalilea.com\/memoria\/wp-json\/wp\/v2\/types\/page"}],"author":[{"embeddable":true,"href":"https:\/\/pilargalilea.com\/memoria\/wp-json\/wp\/v2\/users\/2"}],"replies":[{"embeddable":true,"href":"https:\/\/pilargalilea.com\/memoria\/wp-json\/wp\/v2\/comments?post=168"}],"version-history":[{"count":59,"href":"https:\/\/pilargalilea.com\/memoria\/wp-json\/wp\/v2\/pages\/168\/revisions"}],"predecessor-version":[{"id":756,"href":"https:\/\/pilargalilea.com\/memoria\/wp-json\/wp\/v2\/pages\/168\/revisions\/756"}],"wp:attachment":[{"href":"https:\/\/pilargalilea.com\/memoria\/wp-json\/wp\/v2\/media?parent=168"}],"curies":[{"name":"wp","href":"https:\/\/api.w.org\/{rel}","templated":true}]}}