{"id":163,"date":"2025-06-12T23:03:12","date_gmt":"2025-06-12T23:03:12","guid":{"rendered":"https:\/\/pilargalilea.com\/memoria\/?page_id=163"},"modified":"2025-11-12T21:19:20","modified_gmt":"2025-11-12T21:19:20","slug":"peluquero","status":"publish","type":"page","link":"https:\/\/pilargalilea.com\/memoria\/peluquero\/","title":{"rendered":"Peluquero"},"content":{"rendered":"<p>[et_pb_section fb_built=\u00bb1&#8243; fullwidth=\u00bbon\u00bb _builder_version=\u00bb4.27.4&#8243; _module_preset=\u00bbdefault\u00bb background_image=\u00bbhttps:\/\/pilargalilea.com\/memoria\/wp-content\/uploads\/2025\/06\/peluquero_g.jpg\u00bb parallax=\u00bbon\u00bb height=\u00bb85vh\u00bb global_colors_info=\u00bb{}\u00bb][\/et_pb_section][et_pb_section fb_built=\u00bb1&#8243; _builder_version=\u00bb4.27.4&#8243; _module_preset=\u00bbdefault\u00bb global_colors_info=\u00bb{}\u00bb][et_pb_row use_custom_gutter=\u00bbon\u00bb gutter_width=\u00bb2&#8243; make_equal=\u00bbon\u00bb _builder_version=\u00bb4.27.4&#8243; _module_preset=\u00bbdefault\u00bb width=\u00bb60%\u00bb width_tablet=\u00bb60%\u00bb width_phone=\u00bb90%\u00bb width_last_edited=\u00bbon|phone\u00bb custom_margin=\u00bb||0px||false|false\u00bb custom_padding=\u00bb||0px||false|false\u00bb global_colors_info=\u00bb{}\u00bb][et_pb_column type=\u00bb4_4&#8243; _builder_version=\u00bb4.27.4&#8243; _module_preset=\u00bbdefault\u00bb global_colors_info=\u00bb{}\u00bb][et_pb_heading title=\u00bbPeluquero\u00bb _builder_version=\u00bb4.27.4&#8243; _module_preset=\u00bbdefault\u00bb title_font=\u00bb&#8211;et_global_body_font|300||on|||||\u00bb title_text_color=\u00bb#333333&#8243; title_font_size=\u00bb20px\u00bb title_letter_spacing=\u00bb4px\u00bb global_colors_info=\u00bb{}\u00bb][\/et_pb_heading][\/et_pb_column][\/et_pb_row][et_pb_row column_structure=\u00bb1_4,1_4,1_2&#8243; use_custom_gutter=\u00bbon\u00bb gutter_width=\u00bb2&#8243; make_equal=\u00bbon\u00bb _builder_version=\u00bb4.27.4&#8243; _module_preset=\u00bbdefault\u00bb width=\u00bb45%\u00bb width_tablet=\u00bb60%\u00bb width_phone=\u00bb90%\u00bb width_last_edited=\u00bbon|phone\u00bb custom_margin=\u00bb||0px||false|false\u00bb custom_padding=\u00bb5%||2%||false|false\u00bb locked=\u00bboff\u00bb global_colors_info=\u00bb{}\u00bb][et_pb_column type=\u00bb1_4&#8243; _builder_version=\u00bb4.27.4&#8243; _module_preset=\u00bbdefault\u00bb global_colors_info=\u00bb{}\u00bb][et_pb_image src=\u00bbhttps:\/\/pilargalilea.com\/memoria\/wp-content\/uploads\/2025\/06\/Flag_of_Germany.svg_.png\u00bb title_text=\u00bbFlag_of_Germany.svg\u00bb url=\u00bb#aleman\u00bb align=\u00bbcenter\u00bb _builder_version=\u00bb4.27.4&#8243; _module_preset=\u00bbdefault\u00bb max_width=\u00bb50px\u00bb height=\u00bb50px\u00bb border_radii=\u00bbon|50px|50px|50px|50px\u00bb global_colors_info=\u00bb{}\u00bb][\/et_pb_image][et_pb_text _builder_version=\u00bb4.27.4&#8243; _module_preset=\u00bbdefault\u00bb text_font=\u00bb&#8211;et_global_body_font|300|||||||\u00bb header_font=\u00bb||||||||\u00bb link_option_url=\u00bb#aleman\u00bb locked=\u00bboff\u00bb global_colors_info=\u00bb{}\u00bb]<\/p>\n<p style=\"text-align: center;\">Transkription auf Deutsch<\/p>\n<p>[\/et_pb_text][\/et_pb_column][et_pb_column type=\u00bb1_4&#8243; _builder_version=\u00bb4.27.4&#8243; _module_preset=\u00bbdefault\u00bb global_colors_info=\u00bb{}\u00bb][et_pb_image src=\u00bbhttps:\/\/pilargalilea.com\/memoria\/wp-content\/uploads\/2025\/06\/Flag_of_the_United_Kingdom.svg_.png\u00bb title_text=\u00bbFlag_of_the_United_Kingdom.svg\u00bb url=\u00bb#ingles\u00bb align=\u00bbcenter\u00bb _builder_version=\u00bb4.27.4&#8243; _module_preset=\u00bbdefault\u00bb max_width=\u00bb50px\u00bb height=\u00bb50px\u00bb border_radii=\u00bbon|50px|50px|50px|50px\u00bb global_colors_info=\u00bb{}\u00bb][\/et_pb_image][et_pb_text _builder_version=\u00bb4.27.4&#8243; _module_preset=\u00bbdefault\u00bb text_font=\u00bb&#8211;et_global_body_font|300|||||||\u00bb header_font=\u00bb||||||||\u00bb link_option_url=\u00bb#ingles\u00bb locked=\u00bboff\u00bb global_colors_info=\u00bb{}\u00bb]<\/p>\n<p style=\"text-align: center;\">English transcription<\/p>\n<p>[\/et_pb_text][\/et_pb_column][et_pb_column type=\u00bb1_2&#8243; _builder_version=\u00bb4.27.4&#8243; _module_preset=\u00bbdefault\u00bb global_colors_info=\u00bb{}\u00bb][et_pb_code _builder_version=\u00bb4.27.4&#8243; _module_preset=\u00bbdefault\u00bb text_orientation=\u00bbcenter\u00bb custom_margin=\u00bb||-4px|||\u00bb global_colors_info=\u00bb{}\u00bb]<audio controls><!-- [et_pb_line_break_holder] --><source src=\"https:\/\/pilargalilea.com\/memoria\/wp-content\/uploads\/2025\/06\/Peluquero-web.m4a\" type=\"audio\/mp4\"><!-- [et_pb_line_break_holder] -->  Tu navegador no soporta audio. Descarga el archivo <a href=\"https:\/\/pilargalilea.com\/memoria\/wp-content\/uploads\/2025\/06\/Peluquero-web.m4a\">aqu\u00ed<\/a>.<!-- [et_pb_line_break_holder] --><\/audio>[\/et_pb_code][et_pb_text _builder_version=\u00bb4.27.4&#8243; _module_preset=\u00bbdefault\u00bb text_font=\u00bb&#8211;et_global_body_font|300|||||||\u00bb header_font=\u00bb||||||||\u00bb custom_margin=\u00bb||||false|false\u00bb custom_padding=\u00bb10px|8%||8%|false|false\u00bb global_colors_info=\u00bb{}\u00bb]<\/p>\n<p style=\"text-align: center;\">Audio completo en la voz de <span lang=\"ES-TRAD\">Sergio Guerra, Providencia<\/span><\/p>\n<p>[\/et_pb_text][\/et_pb_column][\/et_pb_row][et_pb_row column_structure=\u00bb1_3,1_3,1_3&#8243; use_custom_gutter=\u00bbon\u00bb gutter_width=\u00bb2&#8243; make_equal=\u00bbon\u00bb _builder_version=\u00bb4.27.4&#8243; _module_preset=\u00bbdefault\u00bb width=\u00bb60%\u00bb width_tablet=\u00bb60%\u00bb width_phone=\u00bb90%\u00bb width_last_edited=\u00bbon|phone\u00bb custom_margin=\u00bb||0px||false|false\u00bb custom_padding=\u00bb||0px||false|false\u00bb global_colors_info=\u00bb{}\u00bb][et_pb_column type=\u00bb1_3&#8243; _builder_version=\u00bb4.27.4&#8243; _module_preset=\u00bbdefault\u00bb global_colors_info=\u00bb{}\u00bb][et_pb_video src=\u00bbhttps:\/\/pilargalilea.com\/memoria\/wp-content\/uploads\/2025\/11\/Peluquero.mp4&#8243; _builder_version=\u00bb4.27.4&#8243; _module_preset=\u00bbdefault\u00bb title_text=\u00bbPeluquero\u00bb image_src=\u00bbhttps:\/\/pilargalilea.com\/memoria\/wp-content\/uploads\/2025\/11\/Peluquero.jpg\u00bb hover_enabled=\u00bb0&#8243; sticky_enabled=\u00bb0&#8243;][\/et_pb_video][\/et_pb_column][et_pb_column type=\u00bb1_3&#8243; _builder_version=\u00bb4.27.4&#8243; _module_preset=\u00bbdefault\u00bb global_colors_info=\u00bb{}\u00bb][et_pb_image src=\u00bbhttps:\/\/pilargalilea.com\/memoria\/wp-content\/uploads\/2025\/11\/Peluquero-cepillo-estrella.jpg\u00bb title_text=\u00bbPeluquero cepillo estrella\u00bb _builder_version=\u00bb4.27.4&#8243; _module_preset=\u00bbdefault\u00bb hover_enabled=\u00bb0&#8243; global_colors_info=\u00bb{}\u00bb sticky_enabled=\u00bb0&#8243;][\/et_pb_image][\/et_pb_column][et_pb_column type=\u00bb1_3&#8243; _builder_version=\u00bb4.27.4&#8243; _module_preset=\u00bbdefault\u00bb global_colors_info=\u00bb{}\u00bb][et_pb_image src=\u00bbhttps:\/\/pilargalilea.com\/memoria\/wp-content\/uploads\/2025\/11\/Peluqueria-frontal-completo.jpg\u00bb title_text=\u00bbPeluqueria frontal completo\u00bb _builder_version=\u00bb4.27.4&#8243; _module_preset=\u00bbdefault\u00bb hover_enabled=\u00bb0&#8243; global_colors_info=\u00bb{}\u00bb sticky_enabled=\u00bb0&#8243;][\/et_pb_image][\/et_pb_column][\/et_pb_row][et_pb_row use_custom_gutter=\u00bbon\u00bb gutter_width=\u00bb2&#8243; make_equal=\u00bbon\u00bb _builder_version=\u00bb4.27.4&#8243; _module_preset=\u00bbdefault\u00bb width=\u00bb60%\u00bb width_tablet=\u00bb60%\u00bb width_phone=\u00bb90%\u00bb width_last_edited=\u00bbon|phone\u00bb custom_margin=\u00bb||0px||false|false\u00bb custom_padding=\u00bb||0px||false|false\u00bb global_colors_info=\u00bb{}\u00bb][et_pb_column type=\u00bb4_4&#8243; _builder_version=\u00bb4.27.4&#8243; _module_preset=\u00bbdefault\u00bb global_colors_info=\u00bb{}\u00bb][et_pb_text _builder_version=\u00bb4.27.4&#8243; _module_preset=\u00bbdefault\u00bb text_font=\u00bb&#8211;et_global_body_font|300|||||||\u00bb header_font=\u00bb||||||||\u00bb custom_margin=\u00bb||||false|false\u00bb custom_padding=\u00bb||||false|false\u00bb hover_enabled=\u00bb0&#8243; locked=\u00bboff\u00bb global_colors_info=\u00bb{}\u00bb sticky_enabled=\u00bb0&#8243;]<\/p>\n<p>Malet\u00edn de madera con impresi\u00f3n Gicl\u00e9e (original en acuarela) y voz de Sergio Guerra, Providencia. Tama\u00f1o 61 x 47 x 10 cms.<\/p>\n<p>[\/et_pb_text][\/et_pb_column][\/et_pb_row][et_pb_row use_custom_gutter=\u00bbon\u00bb gutter_width=\u00bb2&#8243; make_equal=\u00bbon\u00bb custom_padding_last_edited=\u00bbon|phone\u00bb module_id=\u00bbaleman\u00bb _builder_version=\u00bb4.27.4&#8243; _module_preset=\u00bbdefault\u00bb width=\u00bb60%\u00bb width_tablet=\u00bb60%\u00bb width_phone=\u00bb90%\u00bb width_last_edited=\u00bbon|phone\u00bb custom_margin=\u00bb||0px||false|false\u00bb custom_padding=\u00bb7%||0px||false|false\u00bb custom_padding_tablet=\u00bb7%||0px||false|false\u00bb custom_padding_phone=\u00bb30%||||false|false\u00bb hover_enabled=\u00bb0&#8243; global_colors_info=\u00bb{}\u00bb sticky_enabled=\u00bb0&#8243;][et_pb_column type=\u00bb4_4&#8243; _builder_version=\u00bb4.27.4&#8243; _module_preset=\u00bbdefault\u00bb global_colors_info=\u00bb{}\u00bb][et_pb_heading title=\u00bbFRISEUR\u00bb _builder_version=\u00bb4.27.4&#8243; _module_preset=\u00bbdefault\u00bb title_font=\u00bb&#8211;et_global_body_font|300||on|||||\u00bb title_text_color=\u00bb#333333&#8243; title_font_size=\u00bb16px\u00bb title_letter_spacing=\u00bb4px\u00bb global_colors_info=\u00bb{}\u00bb][\/et_pb_heading][et_pb_text _builder_version=\u00bb4.27.4&#8243; _module_preset=\u00bbdefault\u00bb text_font=\u00bb&#8211;et_global_body_font|300|||||||\u00bb text_font_size=\u00bb16px\u00bb text_line_height=\u00bb28px\u00bb global_colors_info=\u00bb{}\u00bb]<\/p>\n<p>Es war reiner Zufall. Ich bin wegen internationaler Liebe zum Friseurhandwerk gekommen. Ich komme aus Lima, Peru, und habe meinen Mann hier in Chile vor fast 6 Jahren kennengelernt. Ich habe ihn eines Abends vor Silvester in dieser Diskothek ex Bunker kennengelernt und seit diesem Tag sind wir ein Paar. Das erste Jahr war eine Fernbeziehung, ich ging, er kam, das war gar nicht so einfach. Ich denke, dass das eine Menge Reife braucht, um diesen Punkt zu \u00fcberwinden, denn das \u00fcbliche in diesen F\u00e4llen ist, dass es keiner von beiden ernst nimnmt, besonders in der schwulen Welt.<\/p>\n<p>Niulton, mein Partner, ist seit mehr als 20 Jahren Friseur, er hat in allen bekannten Friseursalons gearbeitet, wie Leonidas, Romana, Sebasti\u00e1n Ferrer, alle. Mein Hauptberuf ist Zahnarzt und ich habe immer noch meine Praxis in Lima. Ich hatte Stabilit\u00e4t, meine Familie, meine Freunde. Damals sagte meine Mutter, die eine ziemlich starke Pers\u00f6nlichkeit ist, dass ich auf keinen Fall gehen und alles zur\u00fccklassen k\u00f6nnte. Ein paar Monate sp\u00e4ter k\u00fcndigte Niulton seinen Job, vermietete seine Wohnung und ging nach Lima, er ist sehr erfahren und das gefiel mir. Er kam an, und innerhalb eines Monats hatte er einen Job. Nun, in Wirklichkeit hielten wir es dort nicht lange aus, denn es war nicht so sch\u00f6n wie es sich anh\u00f6rt. Wir konnten nicht einmal H\u00e4ndchen halten, sie wollten uns keine Wohnung vermieten. Warum? Weil wir zwei M\u00e4nner waren. Peru hat eine Kultur, die ein bisschen homophob ist, ein bisschen altmodisch, auch f\u00fcr Frauen. Hier f\u00fchle ich mich freier, es w\u00e4re dort unm\u00f6glich, meine N\u00e4gel so zu lackieren.<\/p>\n<p>Einige Zeit sp\u00e4ter kam ich also hierher. Bei der Validierung meines Abschlusses, begann ich, mir das Friseurhandwerk genauer anzusehen, und da war etwas, das meine Aufmerksamkeit erregte. Ich wei\u00df, dass ich handwerklich begabt bin, und ich habe gesagt, ich mache einen Kurs und schaue, was passiert. Und es hat mir gefallen. Ich sage, das Friseurhandwerk hat mich gefunden. Mein erster Friseurjob war bei BoB Studio, einem Friseursalon, in dem viel mit Fantasiefarben gearbeitet wird. Das hat mich \u00fcberzeugt. W\u00e4re ich zu einem traditionelleren Friseur gegangen, w\u00e4re ich vielleicht nicht in diesem Bereich geblieben. Ich mag auch den \u00dcberraschungsfaktor, das h\u00e4lt mich am Leben, alle Kunden sind anders und verlangen andere Dinge.<\/p>\n<p>Im Jahr 2022 sagten wir uns: \u201eWir wollen unser eigener Chef sein\u201c, und so gr\u00fcndeten wir unseren eigenen Friseursalon namens Nich Hair Studio in Providencia. F\u00fcr uns ist das Wichtigste, den Kunden zu verstehen und eine Vorevaluierung durchzuf\u00fchren, bevor wir beginnen. Normalerweise nehmen wir uns etwa 10 Minuten Zeit, um zu erfassen, was die Person m\u00f6chte, und mischen es mit dem, was wirklich m\u00f6glich ist, was normalerweise 50\/50 ist. Die Herausforderung besteht darin, den besten Weg zu finden, um die Erwartungen der Kundinnen zu erf\u00fcllen, die hoch sind, weil ich fast 95 % Frauen betreue. Ich wei\u00df nicht, ich habe mehr Gef\u00fchl bei ihnen. Ich wei\u00df nicht, das muss an der Schule liegen, an dem Mobbing. Und siehe da, am Ende wurde ich zum Klischee&#8230; schwul und Friseur.<\/p>\n<p>Mit unentschlossenen Menschen ist es, als w\u00fcrde man eine Mandarine sch\u00e4len oder die Schichten einer Zwiebel abziehen, bis man versteht, was sie wollen. Es h\u00e4ngt nicht so sehr vom Alter ab, Ich denke sogar, dass die J\u00fcngeren selbstbewusster als die \u00c4lteren sind, sie bringen Fotos als Referenz mit, sie sagen dir, ich will dies, ich will das. Dagegen neigen \u00e4ltere Frauen, dir Fragen zu stellen und dir die ganze Verantwortung zu \u00fcbertragen.<\/p>\n<p>Es gibt schon Dinge, die sich ver\u00e4ndert haben. Ich sehe, dass Frauen mit super traditionellen Berufen sich jetzt trauen, l\u00e4ssige Haarschnitte und andere Haarfarben zu tragen. Ich glaube, dass die Gesellschaft heute weniger einheitlich ist, und das gef\u00e4llt mir. Wie ich meinen Kundeninnen immer sage: Das Leben ist eins, wir sollten keine Angst vor Ver\u00e4nderungen haben.<\/p>\n<p>Heutzutage habe ich das Gef\u00fchl, dass die Technologie uns in Zukunft ersetzen wird, und das macht mir Angst! Denn ich glaube, dass es uns Friseure irgendwann nicht mehr geben wird, wenn man jetzt schon mit der k\u00fcnstlichen Intelligenz Stimmen duplizieren kann. Du dr\u00fcckst einen Knopf und bekommst die Stimme von Britney Spears. Oder wenn du im Internet nachschaust, gibt es bereits Maschinen, in die du einsteigst und dir die Haare schneidet. Ich wei\u00df nicht, was passieren wird. Aber ich glaube, dass die Qualit\u00e4t und die Erfahrung, die der Kunde in diesem Prozess hat, unersetzlich sind. Dass sie hierherkommt und ihren Kaffee trinkt, uns ihre Probleme erz\u00e4hlt oder sich einfach hinsetzt und die Augen schlie\u00dft. Dass sie ihren Moment bekommt. Und Ich habe das Gef\u00fchl, dass diese Erfahrung nicht nachahmbar ist.<\/p>\n<p>In der Vitrine des Friseursalons haben wir einige dieser alten Friseurwerkzeuge, die aus verschiedenen L\u00e4ndern zu uns gebracht wurden. Sie sind sehr alt, aber ich glaube, wenn wir sie an die Steckdose anschlie\u00dfen w\u00fcrden, w\u00fcrden einige von ihnen angehen. Die H\u00e4lfte von dem, was wir f\u00fcr das Portr\u00e4t ausgew\u00e4hlt haben, ist Vintage und die andere H\u00e4lfte entspricht den Werkzeugen, die ich im Alltag am h\u00e4ufigsten benutze, wie diese silberne Schere f\u00fcr \u00e4u\u00dferst pr\u00e4zise Schnitte oder das Feather, das ist dieses Rasiermesser mit dem schwarzen Griff, mit einem einzigen Loch. Es wird zum Trimmen, Abnehmen oder Zuschneiden verwendet. Dieses Messer mag ich am liebsten, weil es praktisch eine Verl\u00e4ngerung meines Fingers ist. Der Rest ist reines Styling, reine Show. Denn die Frisur ist eine Fantasie, die nur eine Weile anh\u00e4lt, aber der Schnitt ist das, was bleibt.<\/p>\n<p>[\/et_pb_text][\/et_pb_column][\/et_pb_row][et_pb_row use_custom_gutter=\u00bbon\u00bb gutter_width=\u00bb2&#8243; make_equal=\u00bbon\u00bb custom_padding_last_edited=\u00bbon|phone\u00bb module_id=\u00bbingles\u00bb _builder_version=\u00bb4.27.4&#8243; _module_preset=\u00bbdefault\u00bb width=\u00bb60%\u00bb width_tablet=\u00bb60%\u00bb width_phone=\u00bb90%\u00bb width_last_edited=\u00bbon|phone\u00bb custom_margin=\u00bb||0px||false|false\u00bb custom_padding=\u00bb7%||0px||false|false\u00bb custom_padding_tablet=\u00bb7%||0px||false|false\u00bb custom_padding_phone=\u00bb30%||||false|false\u00bb hover_enabled=\u00bb0&#8243; global_colors_info=\u00bb{}\u00bb sticky_enabled=\u00bb0&#8243;][et_pb_column type=\u00bb4_4&#8243; _builder_version=\u00bb4.27.4&#8243; _module_preset=\u00bbdefault\u00bb global_colors_info=\u00bb{}\u00bb][et_pb_heading title=\u00bbTHE HAIRDRESSER\u00bb _builder_version=\u00bb4.27.4&#8243; _module_preset=\u00bbdefault\u00bb title_font=\u00bb&#8211;et_global_body_font|300||on|||||\u00bb title_text_color=\u00bb#333333&#8243; title_font_size=\u00bb16px\u00bb title_letter_spacing=\u00bb4px\u00bb global_colors_info=\u00bb{}\u00bb][\/et_pb_heading][et_pb_text _builder_version=\u00bb4.27.4&#8243; _module_preset=\u00bbdefault\u00bb text_font=\u00bb&#8211;et_global_body_font|300|||||||\u00bb text_font_size=\u00bb16px\u00bb text_line_height=\u00bb28px\u00bb global_colors_info=\u00bb{}\u00bb]<\/p>\n<p>It was totally accidental, I arrived at the hairdresser\u00b4s because of love. I am from Peru, Lima and I met my husband on a trip to Chile a while ago (5 years). I saw him one night before New Year at the ex-Bunker and from that day on we are a couple. The first year it was a long distance relationship, I went, he came and it was not easy at all. I believe that it takes a lot of maturity to go beyond that point because the most common thing in these cases is that no one takes it seriously, especially in the gay world.<\/p>\n<p>Niulton has been a hairdresser for 20 years. He has worked at well known hairdresser\u00b4s, such as Leonidas, Romana and Sebastian Ferrer. I am a dentist by first profession, I had my office installed in Lima. Stability, my family, and a mother with a strong character who did not want me to come. So at the beginning he went to Lima. Niu is very bold and that won me over. He arrived to my country and within a month he had a job. But we did not last long there, it wasn\u00b4t as nice as it sounds. Because we could not hold hands on the street or they will not let us rent an apartment, why? because we were two men. Peru has a very homophobic culture, it is more old fashion and conservative, even for women. I can feel free here, look, back there it would be impossible to paint my nails as you see them now.<\/p>\n<p>So some time later I came here. I did the degree validation but at the same time I started to see hairdressing more closely and there was something that caught my attention. I knew that I have quite a bit of manual skills so I took a course and I liked it, I say that hairdressing found me. The first hairdressing job that I had was in Bob Studio, a place where they made a lot of fantasy coloring. That captivated me. The whole part of creating something original. Maybe if I have arrived into a more traditional hairdresser\u00b4s I would not have stayed in this trade. Besides I like the surprise factor a lot, that keeps me alive because all the clients are different and ask for different things.<\/p>\n<p>In 2022, we said, \u2018We want to be our own boss, so we created our own personalized hair salon called Nich Hair Studio in Providencia. I think that the most important thing is to try to understand the client and make an assessment before starting. I like to make people feel well and to put myself in his or her place so that they don\u00b4t have a bad experience. I take 10 minutes to grasp what the person wants and to mix it with what is really possible. It is generally 50\/50. So the challenge is to find the best way to meet the clients expectations. They are usually high ones because I serve 95% women. I feel more in tune with them. At school boys bullied me a lot and finally, look, I became the clich\u00e9\u2026a gay hairdresser.<\/p>\n<p>With indecisive people it is like peeling a tangerine or removing the layers of an onion. It does not depend on their age, I even think that younger women show more security than adults. Some of them bring reference photos and they tell you they want this or that. Elder ladies, instead, tend to ask you everything and pass the decision on to you. There are also things that have changed. I see today women who have more structured jobs dare to ask for cooler haircuts or fantasy colors. I imagine that society is less uniform now and I love that. As I always tell my clients: we only live once, so let&#8217;s not be afraid of change.<\/p>\n<p>Sometimes I feel that technology is going to supplant us. It scares me because I see that hairdressers will not exist anymore. Voices are doubled already with artificial intelligence. You click a button and you hear yourself like Britney Spears or you search on Internet and you see that elsewhere there already machines that can cut your hair. I do not know what is going to happen. But I think that the quality and experience the client has now in the process is irreplaceable. She can come and have a coffee: she can tell us her problems or simply seat down and close her eyes. She can have her own moment. All that experience can not be replicated.<\/p>\n<p>In the hair salon display window we keep those antique tools that friends have sent us from different countries. They are very old, but if we plug them I think they would work. Half of what we choose for the portrait is vintage. And only the other half corresponds to the tools I use daily. Such as that presicion scissors or the feather which is that razor with a black handle and only one hole. It is used to shred the hair, to remove weight or personalize. It is the one that I like best because it is practically an extension of my finger. The rest is just for stylling, for the show lights. Because hairstyle is a fantasy that lasts for just a little while, but the haircut is what remains.<\/p>\n<p>[\/et_pb_text][\/et_pb_column][\/et_pb_row][\/et_pb_section]<\/p>\n","protected":false},"excerpt":{"rendered":"<p>Transkription auf DeutschEnglish transcriptionAudio completo en la voz de Sergio Guerra, ProvidenciaMalet\u00edn de madera con impresi\u00f3n Gicl\u00e9e (original en acuarela) y voz de Sergio Guerra, Providencia. Tama\u00f1o 61 x 47 x 10 cms.Es war reiner Zufall. Ich bin wegen internationaler Liebe zum Friseurhandwerk gekommen. Ich komme aus Lima, Peru, und habe meinen Mann hier in [&hellip;]<\/p>\n","protected":false},"author":2,"featured_media":0,"parent":0,"menu_order":0,"comment_status":"closed","ping_status":"closed","template":"","meta":{"_et_pb_use_builder":"on","_et_pb_old_content":"","_et_gb_content_width":"","footnotes":""},"class_list":["post-163","page","type-page","status-publish","hentry"],"_links":{"self":[{"href":"https:\/\/pilargalilea.com\/memoria\/wp-json\/wp\/v2\/pages\/163","targetHints":{"allow":["GET"]}}],"collection":[{"href":"https:\/\/pilargalilea.com\/memoria\/wp-json\/wp\/v2\/pages"}],"about":[{"href":"https:\/\/pilargalilea.com\/memoria\/wp-json\/wp\/v2\/types\/page"}],"author":[{"embeddable":true,"href":"https:\/\/pilargalilea.com\/memoria\/wp-json\/wp\/v2\/users\/2"}],"replies":[{"embeddable":true,"href":"https:\/\/pilargalilea.com\/memoria\/wp-json\/wp\/v2\/comments?post=163"}],"version-history":[{"count":28,"href":"https:\/\/pilargalilea.com\/memoria\/wp-json\/wp\/v2\/pages\/163\/revisions"}],"predecessor-version":[{"id":726,"href":"https:\/\/pilargalilea.com\/memoria\/wp-json\/wp\/v2\/pages\/163\/revisions\/726"}],"wp:attachment":[{"href":"https:\/\/pilargalilea.com\/memoria\/wp-json\/wp\/v2\/media?parent=163"}],"curies":[{"name":"wp","href":"https:\/\/api.w.org\/{rel}","templated":true}]}}