{"id":135,"date":"2025-06-12T22:33:33","date_gmt":"2025-06-12T22:33:33","guid":{"rendered":"https:\/\/pilargalilea.com\/memoria\/?page_id=135"},"modified":"2025-11-12T22:10:53","modified_gmt":"2025-11-12T22:10:53","slug":"tejedora","status":"publish","type":"page","link":"https:\/\/pilargalilea.com\/memoria\/tejedora\/","title":{"rendered":"Tejedora"},"content":{"rendered":"<p>[et_pb_section fb_built=\u00bb1&#8243; fullwidth=\u00bbon\u00bb _builder_version=\u00bb4.27.4&#8243; _module_preset=\u00bbdefault\u00bb background_image=\u00bbhttps:\/\/pilargalilea.com\/memoria\/wp-content\/uploads\/2025\/06\/tejedora_g.jpg\u00bb parallax=\u00bbon\u00bb height=\u00bb85vh\u00bb global_colors_info=\u00bb{}\u00bb][\/et_pb_section][et_pb_section fb_built=\u00bb1&#8243; _builder_version=\u00bb4.27.4&#8243; _module_preset=\u00bbdefault\u00bb global_colors_info=\u00bb{}\u00bb][et_pb_row use_custom_gutter=\u00bbon\u00bb gutter_width=\u00bb2&#8243; make_equal=\u00bbon\u00bb _builder_version=\u00bb4.27.4&#8243; _module_preset=\u00bbdefault\u00bb width=\u00bb60%\u00bb width_tablet=\u00bb60%\u00bb width_phone=\u00bb90%\u00bb width_last_edited=\u00bbon|phone\u00bb custom_margin=\u00bb||0px||false|false\u00bb custom_padding=\u00bb||0px||false|false\u00bb global_colors_info=\u00bb{}\u00bb][et_pb_column type=\u00bb4_4&#8243; _builder_version=\u00bb4.27.4&#8243; _module_preset=\u00bbdefault\u00bb global_colors_info=\u00bb{}\u00bb][et_pb_heading title=\u00bbTejedora\u00bb _builder_version=\u00bb4.27.4&#8243; _module_preset=\u00bbdefault\u00bb title_font=\u00bb&#8211;et_global_body_font|300||on|||||\u00bb title_text_color=\u00bb#333333&#8243; title_font_size=\u00bb20px\u00bb title_letter_spacing=\u00bb4px\u00bb global_colors_info=\u00bb{}\u00bb][\/et_pb_heading][\/et_pb_column][\/et_pb_row][et_pb_row column_structure=\u00bb1_4,1_4,1_2&#8243; use_custom_gutter=\u00bbon\u00bb gutter_width=\u00bb2&#8243; make_equal=\u00bbon\u00bb _builder_version=\u00bb4.27.4&#8243; _module_preset=\u00bbdefault\u00bb width=\u00bb45%\u00bb width_tablet=\u00bb60%\u00bb width_phone=\u00bb90%\u00bb width_last_edited=\u00bbon|phone\u00bb custom_margin=\u00bb||0px||false|false\u00bb custom_padding=\u00bb5%||2%||false|false\u00bb locked=\u00bboff\u00bb global_colors_info=\u00bb{}\u00bb][et_pb_column type=\u00bb1_4&#8243; _builder_version=\u00bb4.27.4&#8243; _module_preset=\u00bbdefault\u00bb global_colors_info=\u00bb{}\u00bb][et_pb_image src=\u00bbhttps:\/\/pilargalilea.com\/memoria\/wp-content\/uploads\/2025\/06\/Flag_of_Germany.svg_.png\u00bb title_text=\u00bbFlag_of_Germany.svg\u00bb url=\u00bb#aleman\u00bb align=\u00bbcenter\u00bb _builder_version=\u00bb4.27.4&#8243; _module_preset=\u00bbdefault\u00bb max_width=\u00bb50px\u00bb height=\u00bb50px\u00bb border_radii=\u00bbon|50px|50px|50px|50px\u00bb global_colors_info=\u00bb{}\u00bb][\/et_pb_image][et_pb_text _builder_version=\u00bb4.27.4&#8243; _module_preset=\u00bbdefault\u00bb text_font=\u00bb&#8211;et_global_body_font|300|||||||\u00bb header_font=\u00bb||||||||\u00bb link_option_url=\u00bb#aleman\u00bb locked=\u00bboff\u00bb global_colors_info=\u00bb{}\u00bb]<\/p>\n<p style=\"text-align: center;\">Transkription auf Deutsch<\/p>\n<p>[\/et_pb_text][\/et_pb_column][et_pb_column type=\u00bb1_4&#8243; _builder_version=\u00bb4.27.4&#8243; _module_preset=\u00bbdefault\u00bb global_colors_info=\u00bb{}\u00bb][et_pb_image src=\u00bbhttps:\/\/pilargalilea.com\/memoria\/wp-content\/uploads\/2025\/06\/Flag_of_the_United_Kingdom.svg_.png\u00bb title_text=\u00bbFlag_of_the_United_Kingdom.svg\u00bb url=\u00bb#ingles\u00bb align=\u00bbcenter\u00bb _builder_version=\u00bb4.27.4&#8243; _module_preset=\u00bbdefault\u00bb max_width=\u00bb50px\u00bb height=\u00bb50px\u00bb border_radii=\u00bbon|50px|50px|50px|50px\u00bb global_colors_info=\u00bb{}\u00bb][\/et_pb_image][et_pb_text _builder_version=\u00bb4.27.4&#8243; _module_preset=\u00bbdefault\u00bb text_font=\u00bb&#8211;et_global_body_font|300|||||||\u00bb header_font=\u00bb||||||||\u00bb link_option_url=\u00bb#ingles\u00bb locked=\u00bboff\u00bb global_colors_info=\u00bb{}\u00bb]<\/p>\n<p style=\"text-align: center;\">English transcription<\/p>\n<p>[\/et_pb_text][\/et_pb_column][et_pb_column type=\u00bb1_2&#8243; _builder_version=\u00bb4.27.4&#8243; _module_preset=\u00bbdefault\u00bb global_colors_info=\u00bb{}\u00bb][et_pb_code _builder_version=\u00bb4.27.4&#8243; _module_preset=\u00bbdefault\u00bb text_orientation=\u00bbcenter\u00bb custom_margin=\u00bb||-4px|||\u00bb global_colors_info=\u00bb{}\u00bb]<audio controls><!-- [et_pb_line_break_holder] --><source src=\"https:\/\/pilargalilea.com\/memoria\/wp-content\/uploads\/2025\/06\/Tejedora-web.m4a\" type=\"audio\/mp4\"><!-- [et_pb_line_break_holder] -->  Tu navegador no soporta audio. Descarga el archivo <a href=\"https:\/\/pilargalilea.com\/memoria\/wp-content\/uploads\/2025\/06\/Tejedora-web.m4a\">aqu\u00ed<\/a>.<!-- [et_pb_line_break_holder] --><\/audio>[\/et_pb_code][et_pb_text _builder_version=\u00bb4.27.4&#8243; _module_preset=\u00bbdefault\u00bb text_font=\u00bb&#8211;et_global_body_font|300|||||||\u00bb header_font=\u00bb||||||||\u00bb custom_margin=\u00bb||||false|false\u00bb custom_padding=\u00bb10px|8%||8%|false|false\u00bb global_colors_info=\u00bb{}\u00bb]<\/p>\n<p style=\"text-align: center;\">Audio completo en la voz de <span lang=\"ES-TRAD\">Mar\u00eda Eugenia Ibarra, Navidad<\/span><\/p>\n<p>[\/et_pb_text][\/et_pb_column][\/et_pb_row][et_pb_row column_structure=\u00bb1_3,1_3,1_3&#8243; use_custom_gutter=\u00bbon\u00bb gutter_width=\u00bb2&#8243; make_equal=\u00bbon\u00bb _builder_version=\u00bb4.27.4&#8243; _module_preset=\u00bbdefault\u00bb width=\u00bb60%\u00bb width_tablet=\u00bb60%\u00bb width_phone=\u00bb90%\u00bb width_last_edited=\u00bbon|phone\u00bb custom_margin=\u00bb||0px||false|false\u00bb custom_padding=\u00bb||0px||false|false\u00bb global_colors_info=\u00bb{}\u00bb][et_pb_column type=\u00bb1_3&#8243; _builder_version=\u00bb4.27.4&#8243; _module_preset=\u00bbdefault\u00bb global_colors_info=\u00bb{}\u00bb][et_pb_video src=\u00bbhttps:\/\/pilargalilea.com\/memoria\/wp-content\/uploads\/2025\/11\/Tejedora.mp4&#8243; _builder_version=\u00bb4.27.4&#8243; _module_preset=\u00bbdefault\u00bb title_text=\u00bbTejedora\u00bb image_src=\u00bbhttps:\/\/pilargalilea.com\/memoria\/wp-content\/uploads\/2025\/11\/Tejedora.jpg\u00bb hover_enabled=\u00bb0&#8243; sticky_enabled=\u00bb0&#8243;][\/et_pb_video][\/et_pb_column][et_pb_column type=\u00bb1_3&#8243; _builder_version=\u00bb4.27.4&#8243; _module_preset=\u00bbdefault\u00bb global_colors_info=\u00bb{}\u00bb][et_pb_image src=\u00bbhttps:\/\/pilargalilea.com\/memoria\/wp-content\/uploads\/2025\/11\/Tejedora-zoom.jpg\u00bb title_text=\u00bbTejedora zoom\u00bb _builder_version=\u00bb4.27.4&#8243; _module_preset=\u00bbdefault\u00bb hover_enabled=\u00bb0&#8243; global_colors_info=\u00bb{}\u00bb sticky_enabled=\u00bb0&#8243;][\/et_pb_image][\/et_pb_column][et_pb_column type=\u00bb1_3&#8243; _builder_version=\u00bb4.27.4&#8243; _module_preset=\u00bbdefault\u00bb global_colors_info=\u00bb{}\u00bb][et_pb_image src=\u00bbhttps:\/\/pilargalilea.com\/memoria\/wp-content\/uploads\/2025\/11\/Tejedora-gallinita.jpg\u00bb title_text=\u00bbTejedora gallinita\u00bb _builder_version=\u00bb4.27.4&#8243; _module_preset=\u00bbdefault\u00bb hover_enabled=\u00bb0&#8243; global_colors_info=\u00bb{}\u00bb sticky_enabled=\u00bb0&#8243;][\/et_pb_image][\/et_pb_column][\/et_pb_row][et_pb_row use_custom_gutter=\u00bbon\u00bb gutter_width=\u00bb2&#8243; make_equal=\u00bbon\u00bb _builder_version=\u00bb4.27.4&#8243; _module_preset=\u00bbdefault\u00bb width=\u00bb60%\u00bb width_tablet=\u00bb60%\u00bb width_phone=\u00bb90%\u00bb width_last_edited=\u00bbon|phone\u00bb custom_margin=\u00bb||0px||false|false\u00bb custom_padding=\u00bb||0px||false|false\u00bb global_colors_info=\u00bb{}\u00bb][et_pb_column type=\u00bb4_4&#8243; _builder_version=\u00bb4.27.4&#8243; _module_preset=\u00bbdefault\u00bb global_colors_info=\u00bb{}\u00bb][et_pb_text _builder_version=\u00bb4.27.4&#8243; _module_preset=\u00bbdefault\u00bb text_font=\u00bb&#8211;et_global_body_font|300|||||||\u00bb header_font=\u00bb||||||||\u00bb custom_margin=\u00bb||||false|false\u00bb custom_padding=\u00bb||||false|false\u00bb locked=\u00bboff\u00bb global_colors_info=\u00bb{}\u00bb]Malet\u00edn de madera con impresi\u00f3n Gicl\u00e9e (original en acuarela) y voz de Mar\u00eda Eugenia Ibarra, Navidad. Tama\u00f1o 61 x 47 x 10 cms.[\/et_pb_text][\/et_pb_column][\/et_pb_row][et_pb_row use_custom_gutter=\u00bbon\u00bb gutter_width=\u00bb2&#8243; make_equal=\u00bbon\u00bb custom_padding_last_edited=\u00bbon|phone\u00bb module_id=\u00bbaleman\u00bb _builder_version=\u00bb4.27.4&#8243; _module_preset=\u00bbdefault\u00bb width=\u00bb60%\u00bb width_tablet=\u00bb60%\u00bb width_phone=\u00bb90%\u00bb width_last_edited=\u00bbon|phone\u00bb custom_margin=\u00bb||0px||false|false\u00bb custom_padding=\u00bb7%||0px||false|false\u00bb custom_padding_tablet=\u00bb7%||0px||false|false\u00bb custom_padding_phone=\u00bb30%||||false|false\u00bb global_colors_info=\u00bb{}\u00bb][et_pb_column type=\u00bb4_4&#8243; _builder_version=\u00bb4.27.4&#8243; _module_preset=\u00bbdefault\u00bb global_colors_info=\u00bb{}\u00bb][et_pb_heading title=\u00bbWEBERIN\u00bb _builder_version=\u00bb4.27.4&#8243; _module_preset=\u00bbdefault\u00bb title_font=\u00bb&#8211;et_global_body_font|300||on|||||\u00bb title_text_color=\u00bb#333333&#8243; title_font_size=\u00bb16px\u00bb title_letter_spacing=\u00bb4px\u00bb global_colors_info=\u00bb{}\u00bb][\/et_pb_heading][et_pb_text _builder_version=\u00bb4.27.4&#8243; _module_preset=\u00bbdefault\u00bb text_font=\u00bb&#8211;et_global_body_font|300|||||||\u00bb text_font_size=\u00bb16px\u00bb text_line_height=\u00bb28px\u00bb global_colors_info=\u00bb{}\u00bb]<\/p>\n<p>Ich habe Textil- und Kost\u00fcmdesign an einer der wenigen Universit\u00e4ten studiert, die das in den neunziger Jahren angeboten haben. Was ich besonders fand, war, dass alle Lehrer aus der Tradition der alten Textilschule in Valpara\u00edso, der in Playa Ancha, kamen. Dort konnten sie einen Schritt weiter gehen als in der technischen Ausbildung, es war wie ein Plus. Ich hatte auch einen Gro\u00dfonkel der Schneider war und mit Leder arbeitete, und meine Gro\u00dfm\u00fctter waren Modeschneiderinnen, so haben wir schon als Kinder gesehen, wie sie uns die Kleider gemacht haben.<\/p>\n<p>Ich wusste schon immer, dass ich mit Textilien arbeiten will. Ich habe mich schon immer am Designen und Drucken von Stoffen gesehen. Stell dir vor, dass in den 60er Jahren fast alle Kleidungsst\u00fccke von der nationalen Textilindustrie geliefert wurden: zum Beispiel gab es Oveja Tom\u00e9, Yarur, Sumar, La Uni\u00f3n Leinen und mehrere kleinere Fabriken, aber mit den Importen und der Rezession von 1982 blieb keine dieser Fabriken bestehen. Und dann kam die Asienkrise, erinnerst du dich? Kurz vor 2000, und die gesamte chilenische Industrie ging unter. Also musste ich anfangen, in der urbanen Bekleidungsindustrie zu arbeiten, mit Marken, die mehr mit dem Einzelhandel verbunden sind, wo man sich im Allgemeinen f\u00fcr das Bew\u00e4hrte entscheidet, und alles ist einfacher. Es war frustrierend, denn mein erster Job beschr\u00e4nkte sich darauf, Trends von au\u00dfen zu sehen und sie zu kopieren.<\/p>\n<p>Es war dennoch eine sehr gute Schule, um zu lernen, wie die Branche funktioniert und um den gesamten Prozess in der Praxis zu verstehen. Zum Beispiel von der Auswahl der Farbpalette und der Vorstellung eines St\u00fccks, bis die Muster hergestellt, die Oberfl\u00e4chen poliert und die Beschl\u00e4ge angepasst sind. Auch das Gl\u00e4tten des Stoffes oder das Ausbleichen geh\u00f6ren dazu. Und auch die andere Seite der Medaille kennenzulernen, n\u00e4mlich die Beziehung zu den N\u00e4hwerkst\u00e4tten, die immer sehr angespannt ist, weil von oben alles f\u00fcr vorgestern verlangt wird, und man st\u00e4ndig gegen die Zeit rennt. Aber jemand, der dort war und wei\u00df, wie lange es dauert, ein St\u00fcck gut zu machen, ist nicht bereit, die Leute unter Druck zu setzen. Das will ich nicht reproduzieren.<\/p>\n<p>Durch die Arbeit an redaktionellen Modeproduktionen konnte ich anfangen, einige St\u00fccke zu entwerfen. Fast alles Kleidung, aber immer mit einer starken textilen Pr\u00e4gung und in Verbindung mit der Handwerkskunst. Von Anfang an habe ich versucht, die Textur in den Vordergrund zu stellen, das Material und die ganze Handarbeit, die in dem Kleidungsst\u00fcck steckt, hervorzuheben. Selbst wenn der Stoff schlicht und einfach war, habe ich immer ein Detail hinzugef\u00fcgt, eine Spur hinterlassen, eine Verzierung angebracht oder zum Beispiel einen alten Knopf angen\u00e4ht, den ich auf dem Markt oder aus zweiter Hand gefunden habe. Ich wollte nicht, dass es industriell aussieht! Das ist das Wichtigste. Die Sache ist die: Ich bin besessen davon, Allem meinen eigenen Stempel aufzudr\u00fccken um der Arbeit, die von Hand gemacht wurde, W\u00fcrde zu verleihen. Sogar die Heftnaht mache ich von Hand. Und ich interessiere mich sehr f\u00fcr das N\u00fctzliche, aber ich m\u00f6chte etwas schaffen, das nicht zum Wegwerfen ist, das vererbbar ist, das ein Leben hat und das mit dem Gebrauch noch lebendiger wird.<\/p>\n<p>Im Jahr 2005 traf ich eine Weberfamilie in La Ligua. Sie hatten als M\u00e4dchen angefangen, mit Fahrradspeichen zu weben, stell dir das vor, und sie weigerten sich, importierte Dinge zu verkaufen.<\/p>\n<p>Da haben wir uns gleich verstanden. Ich begann, ihnen Sachen zum Weben zu schicken, um mit ihnen mehr \u00fcber das Weben zu lernen, um nach lokalen Elementen zu suchen, aus der Gegend, die in die Designs eingearbeitet werden konnten. Und nach ein paar Monaten schlief ich schon dort. Wir wurden sehr enge Freundinnen, und die Wahrheit ist, dass der kreative Prozess am Ende etwas sehr Gemeinsames war. Sehr tiefgr\u00fcndig.<\/p>\n<p>Und ich bin viel gereist, um zu forschen und zu lernen. Ich habe zum Beispiel Wolle aus Angelm\u00f3 mitgebracht, ich arbeite mit den Stickerinnen von Lihueimo in der sechsten Region zusammen und ich habe sogar mit einer Gemeinschaft von Frauen in Chinchero im Heiligen Tal der Inkas in Peru zusammengearbeitet. Vor ein paar Jahren bin ich auch nach Temuco gereist und habe dort Kontakt zu Kunsthandwerkerinnen vom Budi-See und aus Nueva Imperial aufgenommen. Dort begann ich, an dieser Skapulier Struktur zu arbeiten, die man in den Pullovern sehen kann, die ich jetzt herstelle. Ich lernte, Pflanzen zum F\u00e4rben zu sammeln und mehr \u00fcber die Urspr\u00fcnge des Rundwebens zu erfahren. Und diese Struktur, die ich sehr mit dem Kultr\u00fan verbinde, diese Idee des zyklischen Gleichgewichts, der Bewegung zwischen den Jahreszeiten, den Himmelsrichtungen, den vier Elementen. Mein Logo ist vom Mapuche-Symbol des Herzens, Piuke, inspiriert, das so aussieht, als ob es die Seele des Kleides w\u00e4re, die uns borgt und beh\u00fctet.<\/p>\n<p>Ich webe diese St\u00fccke immer selbst. Der Moment der Herstellung ist sehr wichtig, denn in den Fehlern entstehen auch Dinge, und im R\u00fcckg\u00e4ngigmachen werden neue Ideen geboren. Man kann ausprobieren, was passiert, wenn man die St\u00e4bchen austauscht, zum Beispiel die dicken gegen die d\u00fcnnen, wenn man verschiedene Spannungen auf die F\u00e4den anwendet, mit den St\u00fcrzen spielt, verschiedene Texturen mischt, pflanzliche und tierische Materialien, sogar Mineralien. Verschiedene Glanzgrade und Opazit\u00e4ten verwenden, um aus der Ebene hserauszukommen.<\/p>\n<p>Die Fischer von La Boca, in deren N\u00e4he ich wohne, haben mir beigebracht, wie man die Netze mit Netznadeln repariert. Sp\u00e4ter lernte ich die Technik, die Pilwa zu weben, diese typische gekn\u00fcpfte Tasche aus Chup\u00f3n, die die Handwerkerinnen auf den M\u00e4rkten im S\u00fcden verkaufen. Wie diese hier. Siehst du? Ich verarbeite alles und lasse es in die Skapulierwebereien einflie\u00dfen.<\/p>\n<p>Es tut mir gut zu weben. Die Praxis des Rundwebens mit zwei Nadeln ist f\u00fcr mich viel bequemer als zum Beispiel der Webstuhl, weil er tragbarer ist und ich diese Flexibilit\u00e4t in meinem Leben brauche, weil ich st\u00e4ndig in Bewegung bin. Au\u00dferdem geht das Weben in einem Kontinuum weiter, wie in einer ewigen Spirale, die sich dem Volumen, das unseren K\u00f6rper umh\u00fcllt und bedeckt, umrankt. Es ist sehr therapeutisch, denn es holt mich aus meinen Gedanken heraus, es hilft mir, in einen Raum der Stille einzutreten und eine besondere Geschwindigkeit, die es einem erlaubt, nach innen zu schauen und zu sprechen. Und dann befreit man sich selbst, als ob die H\u00e4nde das, was im Inneren ist, mit dem verbinden k\u00f6nnen, was au\u00dfen mit materiell ausgedr\u00fcckt wird. Es ist schlie\u00dflich eine Sprache.<\/p>\n<p>[\/et_pb_text][\/et_pb_column][\/et_pb_row][et_pb_row use_custom_gutter=\u00bbon\u00bb gutter_width=\u00bb2&#8243; make_equal=\u00bbon\u00bb custom_padding_last_edited=\u00bbon|phone\u00bb module_id=\u00bbingles\u00bb _builder_version=\u00bb4.27.4&#8243; _module_preset=\u00bbdefault\u00bb width=\u00bb60%\u00bb width_tablet=\u00bb60%\u00bb width_phone=\u00bb90%\u00bb width_last_edited=\u00bbon|phone\u00bb custom_margin=\u00bb||0px||false|false\u00bb custom_padding=\u00bb7%||0px||false|false\u00bb custom_padding_tablet=\u00bb7%||0px||false|false\u00bb custom_padding_phone=\u00bb30%||||false|false\u00bb global_colors_info=\u00bb{}\u00bb][et_pb_column type=\u00bb4_4&#8243; _builder_version=\u00bb4.27.4&#8243; _module_preset=\u00bbdefault\u00bb global_colors_info=\u00bb{}\u00bb][et_pb_heading title=\u00bbTHE WEAVER\u00bb _builder_version=\u00bb4.27.4&#8243; _module_preset=\u00bbdefault\u00bb title_font=\u00bb&#8211;et_global_body_font|300||on|||||\u00bb title_text_color=\u00bb#333333&#8243; title_font_size=\u00bb16px\u00bb title_letter_spacing=\u00bb4px\u00bb global_colors_info=\u00bb{}\u00bb][\/et_pb_heading][et_pb_text _builder_version=\u00bb4.27.4&#8243; _module_preset=\u00bbdefault\u00bb text_font=\u00bb&#8211;et_global_body_font|300|||||||\u00bb text_font_size=\u00bb16px\u00bb text_line_height=\u00bb28px\u00bb global_colors_info=\u00bb{}\u00bb]I studied Textile and Costume Design in one of the few universities that had it as a career in the 90\u00b4s. Part of its value was that all the professors came from the tradition of the old textile school of Valpara\u00edso and they were going a step beyond the technical training. I had an uncle grandfather who was a tailor and my grandmother and an aunt were dressmakers, so I saw dressmaking since I was a child.<\/p>\n<p>I knew that I wanted to work in the textile area, I saw myself designing and stamping cloth. Remember that in the 60\u00b4s most of the made up articles were supplied by the national textile industry: Oveja Tom\u00e9, Yarur, Sumar, Linos La Uni\u00f3n and several little industries. But with the imports and the 82\u00b4s recession none of them could remain open. And then came the Asian Crisis. Do you remember? Just before 2000 and the Chilean industry broke down. Then I had to start working with urban fashion for retail brands where, in general, you choose what is tried on, the most basic trends. It was frustrating because my first job was reduced to see and copy outside trends.<\/p>\n<p>Nevertheless, it was a very good school to learn how the industry worked and to understand the whole process practically: since the color palette is chosen and the piece of clothing is imagined, until the samples are done, the finished pieces are polished, the shims are adjusted, the fabric is softened or colors are run. This allows you to know the other side of the job, that is to say, to relate to sewing workshops. This is always tense because work is always ordered for two days before and you end always running against time. But when one has been there and knows how much time is taken to make a piece, one is not disposed to press people that way. I don\u2019t want to reproduce that.<\/p>\n<p>Making publishing fashion production I could start creating some pieces, everything was clothing but I always stamped a textile mark to bound it to craftsmanship. From the beginning I tried to give protagonism to texture, to make the material and the manual charge of the garment evident, even though the cloth was plain or simple. I always put a detail on it; I left a trace, I did a barreled or I sewed an ancient button that I found in a street market. I didn\u2019t want it to look industrial! I\u2019m obsessed to give it a seal of my own and to give back dignity to the product. I even do basting stitch handmade. I\u2019m very interested in what is utilitarian but I want to create something which isn\u2019t disposable. To make inheritable pieces, that are lively and that are charged with more life within usage.<\/p>\n<p>By 2005 I met a family of La Ligua weavers. They started when they were children knitting with bicycle spokes, imagine, and they didn\u2019t want to sell imported things. We understood each other immediately. I started ordering things, learning more about knitting, searching for local elements to be incorporated into the designs. And after a few months I started sleeping there. We became friends and the creation process was, at the end, fully shared.<\/p>\n<p>I travelled a lot exploring and learning. I brought wool from Angelm\u00f3; I collaborated with embroiderers of Lihueimo and I worked with a women community in Chinchero, in the Holy Valley of the Incas in Per\u00fa. Some years ago I went to Temuco and I contacted the craftswomen of Budi Lake and Nueva Imperial. I started working with that scapular structure you see in the cardigans I knit today. I learnt to collect plants to dye and find out more about circular knitting, a structure that I relate to the kultr\u00fan. The idea of the cyclic balance, the season\u2019s movement, the 4 elements and the 4 cardinal points which are in fact my logo, inspired by the Mapuche heart, a symbol that is there as if it was the soul of the dress that covers and protects us.<\/p>\n<p>I always knit these pieces. The moment of making is very important because some pieces have errors and sometimes in undoing, new ideas are born. You can try to see what happens when you change thick knitting needles by thin ones; if you put different tensions on the wool, if you play with the hangs or mix different textures, blend vegetal and animal materials or put different glitters and opacities to avoid a plain sensation.<\/p>\n<p>The fishers of La Boca, near home, taught me to repair nets with the net needle. And then I learnt the technique to knit the Pilwa, which is the typical knotted fiber handbag that craftswomen sell in southern markets. And here it is present \u2014 can you see it? I have transformed it and incorporated it into the scapular knitting pieces.<\/p>\n<p>And knitting makes me feel well! I find much more comfort in the circular knitting technique with 2 needles than with the loom, for example, because it is portable and I need this flexibility as I\u2019m travelling all the time. Besides, knitting goes on continuously as an eternal spiral which wraps and covers the body. It is like a therapy because I leave my thoughts out of it; it helps me a lot because I can go into a silent space and dive in a special speed that allows me to see and talk to myself. And then it frees you, as if the hands could take what is inside and connect it with what materializes outside. It is a language.[\/et_pb_text][\/et_pb_column][\/et_pb_row][\/et_pb_section]<\/p>\n","protected":false},"excerpt":{"rendered":"<p>Transkription auf DeutschEnglish transcriptionAudio completo en la voz de Mar\u00eda Eugenia Ibarra, NavidadMalet\u00edn de madera con impresi\u00f3n Gicl\u00e9e (original en acuarela) y voz de Mar\u00eda Eugenia Ibarra, Navidad. Tama\u00f1o 61 x 47 x 10 cms.Ich habe Textil- und Kost\u00fcmdesign an einer der wenigen Universit\u00e4ten studiert, die das in den neunziger Jahren angeboten haben. Was ich [&hellip;]<\/p>\n","protected":false},"author":2,"featured_media":0,"parent":0,"menu_order":0,"comment_status":"closed","ping_status":"closed","template":"","meta":{"_et_pb_use_builder":"on","_et_pb_old_content":"","_et_gb_content_width":"","footnotes":""},"class_list":["post-135","page","type-page","status-publish","hentry"],"_links":{"self":[{"href":"https:\/\/pilargalilea.com\/memoria\/wp-json\/wp\/v2\/pages\/135","targetHints":{"allow":["GET"]}}],"collection":[{"href":"https:\/\/pilargalilea.com\/memoria\/wp-json\/wp\/v2\/pages"}],"about":[{"href":"https:\/\/pilargalilea.com\/memoria\/wp-json\/wp\/v2\/types\/page"}],"author":[{"embeddable":true,"href":"https:\/\/pilargalilea.com\/memoria\/wp-json\/wp\/v2\/users\/2"}],"replies":[{"embeddable":true,"href":"https:\/\/pilargalilea.com\/memoria\/wp-json\/wp\/v2\/comments?post=135"}],"version-history":[{"count":28,"href":"https:\/\/pilargalilea.com\/memoria\/wp-json\/wp\/v2\/pages\/135\/revisions"}],"predecessor-version":[{"id":737,"href":"https:\/\/pilargalilea.com\/memoria\/wp-json\/wp\/v2\/pages\/135\/revisions\/737"}],"wp:attachment":[{"href":"https:\/\/pilargalilea.com\/memoria\/wp-json\/wp\/v2\/media?parent=135"}],"curies":[{"name":"wp","href":"https:\/\/api.w.org\/{rel}","templated":true}]}}