{"id":115,"date":"2025-06-12T22:27:47","date_gmt":"2025-06-12T22:27:47","guid":{"rendered":"https:\/\/pilargalilea.com\/memoria\/?page_id=115"},"modified":"2025-11-12T20:39:45","modified_gmt":"2025-11-12T20:39:45","slug":"carpintero","status":"publish","type":"page","link":"https:\/\/pilargalilea.com\/memoria\/carpintero\/","title":{"rendered":"Carpintero"},"content":{"rendered":"<p>[et_pb_section fb_built=\u00bb1&#8243; fullwidth=\u00bbon\u00bb _builder_version=\u00bb4.27.4&#8243; _module_preset=\u00bbdefault\u00bb background_image=\u00bbhttps:\/\/pilargalilea.com\/memoria\/wp-content\/uploads\/2025\/06\/carpintero_g.jpg\u00bb parallax=\u00bbon\u00bb height=\u00bb85vh\u00bb global_colors_info=\u00bb{}\u00bb][\/et_pb_section][et_pb_section fb_built=\u00bb1&#8243; _builder_version=\u00bb4.27.4&#8243; _module_preset=\u00bbdefault\u00bb global_colors_info=\u00bb{}\u00bb][et_pb_row use_custom_gutter=\u00bbon\u00bb gutter_width=\u00bb2&#8243; make_equal=\u00bbon\u00bb _builder_version=\u00bb4.27.4&#8243; _module_preset=\u00bbdefault\u00bb width=\u00bb60%\u00bb width_tablet=\u00bb60%\u00bb width_phone=\u00bb90%\u00bb width_last_edited=\u00bbon|phone\u00bb custom_margin=\u00bb||0px||false|false\u00bb custom_padding=\u00bb||0px||false|false\u00bb global_colors_info=\u00bb{}\u00bb][et_pb_column type=\u00bb4_4&#8243; _builder_version=\u00bb4.27.4&#8243; _module_preset=\u00bbdefault\u00bb global_colors_info=\u00bb{}\u00bb][et_pb_heading title=\u00bbCarpintero\u00bb _builder_version=\u00bb4.27.4&#8243; _module_preset=\u00bbdefault\u00bb title_font=\u00bb&#8211;et_global_body_font|300||on|||||\u00bb title_text_color=\u00bb#333333&#8243; title_font_size=\u00bb20px\u00bb title_letter_spacing=\u00bb4px\u00bb global_colors_info=\u00bb{}\u00bb][\/et_pb_heading][\/et_pb_column][\/et_pb_row][et_pb_row column_structure=\u00bb1_4,1_4,1_2&#8243; use_custom_gutter=\u00bbon\u00bb gutter_width=\u00bb2&#8243; make_equal=\u00bbon\u00bb _builder_version=\u00bb4.27.4&#8243; _module_preset=\u00bbdefault\u00bb width=\u00bb45%\u00bb width_tablet=\u00bb60%\u00bb width_phone=\u00bb90%\u00bb width_last_edited=\u00bbon|phone\u00bb custom_margin=\u00bb||0px||false|false\u00bb custom_padding=\u00bb5%||2%||false|false\u00bb locked=\u00bboff\u00bb global_colors_info=\u00bb{}\u00bb][et_pb_column type=\u00bb1_4&#8243; _builder_version=\u00bb4.27.4&#8243; _module_preset=\u00bbdefault\u00bb global_colors_info=\u00bb{}\u00bb][et_pb_image src=\u00bbhttps:\/\/pilargalilea.com\/memoria\/wp-content\/uploads\/2025\/06\/Flag_of_Germany.svg_.png\u00bb title_text=\u00bbFlag_of_Germany.svg\u00bb url=\u00bb#aleman\u00bb align=\u00bbcenter\u00bb _builder_version=\u00bb4.27.4&#8243; _module_preset=\u00bbdefault\u00bb max_width=\u00bb50px\u00bb height=\u00bb50px\u00bb border_radii=\u00bbon|50px|50px|50px|50px\u00bb global_colors_info=\u00bb{}\u00bb][\/et_pb_image][et_pb_text _builder_version=\u00bb4.27.4&#8243; _module_preset=\u00bbdefault\u00bb text_font=\u00bb&#8211;et_global_body_font|300|||||||\u00bb header_font=\u00bb||||||||\u00bb link_option_url=\u00bb#aleman\u00bb locked=\u00bboff\u00bb global_colors_info=\u00bb{}\u00bb]<\/p>\n<p style=\"text-align: center;\">Transkription auf Deutsch<\/p>\n<p>[\/et_pb_text][\/et_pb_column][et_pb_column type=\u00bb1_4&#8243; _builder_version=\u00bb4.27.4&#8243; _module_preset=\u00bbdefault\u00bb global_colors_info=\u00bb{}\u00bb][et_pb_image src=\u00bbhttps:\/\/pilargalilea.com\/memoria\/wp-content\/uploads\/2025\/06\/Flag_of_the_United_Kingdom.svg_.png\u00bb title_text=\u00bbFlag_of_the_United_Kingdom.svg\u00bb url=\u00bb#ingles\u00bb align=\u00bbcenter\u00bb _builder_version=\u00bb4.27.4&#8243; _module_preset=\u00bbdefault\u00bb max_width=\u00bb50px\u00bb height=\u00bb50px\u00bb border_radii=\u00bbon|50px|50px|50px|50px\u00bb global_colors_info=\u00bb{}\u00bb][\/et_pb_image][et_pb_text _builder_version=\u00bb4.27.4&#8243; _module_preset=\u00bbdefault\u00bb text_font=\u00bb&#8211;et_global_body_font|300|||||||\u00bb header_font=\u00bb||||||||\u00bb link_option_url=\u00bb#ingles\u00bb locked=\u00bboff\u00bb global_colors_info=\u00bb{}\u00bb]<\/p>\n<p style=\"text-align: center;\">English transcription<\/p>\n<p>[\/et_pb_text][\/et_pb_column][et_pb_column type=\u00bb1_2&#8243; _builder_version=\u00bb4.27.4&#8243; _module_preset=\u00bbdefault\u00bb global_colors_info=\u00bb{}\u00bb][et_pb_code _builder_version=\u00bb4.27.4&#8243; _module_preset=\u00bbdefault\u00bb text_orientation=\u00bbcenter\u00bb custom_margin=\u00bb||-4px|||\u00bb global_colors_info=\u00bb{}\u00bb]<audio controls><!-- [et_pb_line_break_holder] --><source src=\"https:\/\/pilargalilea.com\/memoria\/wp-content\/uploads\/2025\/06\/Carpintero-web.m4a\" type=\"audio\/mp4\"><!-- [et_pb_line_break_holder] -->  Tu navegador no soporta audio. Descarga el archivo <a href=\"https:\/\/pilargalilea.com\/memoria\/wp-content\/uploads\/2025\/06\/Carpintero-web.m4a\">aqu\u00ed<\/a>.<!-- [et_pb_line_break_holder] --><\/audio>[\/et_pb_code][et_pb_text _builder_version=\u00bb4.27.4&#8243; _module_preset=\u00bbdefault\u00bb text_font=\u00bb&#8211;et_global_body_font|300|||||||\u00bb header_font=\u00bb||||||||\u00bb custom_margin=\u00bb||||false|false\u00bb custom_padding=\u00bb10px|8%||8%|false|false\u00bb global_colors_info=\u00bb{}\u00bb]<\/p>\n<p style=\"text-align: center;\">Audio completo en la voz de Felipe Catal\u00e1n, Navidad<\/p>\n<p>[\/et_pb_text][\/et_pb_column][\/et_pb_row][et_pb_row column_structure=\u00bb1_3,1_3,1_3&#8243; use_custom_gutter=\u00bbon\u00bb gutter_width=\u00bb2&#8243; make_equal=\u00bbon\u00bb _builder_version=\u00bb4.27.4&#8243; _module_preset=\u00bbdefault\u00bb width=\u00bb60%\u00bb width_tablet=\u00bb60%\u00bb width_phone=\u00bb90%\u00bb width_last_edited=\u00bbon|phone\u00bb custom_margin=\u00bb||0px||false|false\u00bb custom_padding=\u00bb||0px||false|false\u00bb global_colors_info=\u00bb{}\u00bb][et_pb_column type=\u00bb1_3&#8243; _builder_version=\u00bb4.27.4&#8243; _module_preset=\u00bbdefault\u00bb global_colors_info=\u00bb{}\u00bb][et_pb_video src=\u00bbhttps:\/\/pilargalilea.com\/memoria\/wp-content\/uploads\/2025\/11\/Carpintera.mp4&#8243; _builder_version=\u00bb4.27.4&#8243; _module_preset=\u00bbdefault\u00bb hover_enabled=\u00bb0&#8243; sticky_enabled=\u00bb0&#8243; title_text=\u00bbTexto del p\u00e1rrafo\u00bb image_src=\u00bbhttps:\/\/pilargalilea.com\/memoria\/wp-content\/uploads\/2025\/11\/Texto-del-parrafo.jpg\u00bb][\/et_pb_video][\/et_pb_column][et_pb_column type=\u00bb1_3&#8243; _builder_version=\u00bb4.27.4&#8243; _module_preset=\u00bbdefault\u00bb global_colors_info=\u00bb{}\u00bb][et_pb_image src=\u00bbhttps:\/\/pilargalilea.com\/memoria\/wp-content\/uploads\/2025\/11\/Carpintero-Frontal-Completo.jpg\u00bb title_text=\u00bbCarpintero Frontal Completo\u00bb _builder_version=\u00bb4.27.4&#8243; _module_preset=\u00bbdefault\u00bb hover_enabled=\u00bb0&#8243; global_colors_info=\u00bb{}\u00bb sticky_enabled=\u00bb0&#8243;][\/et_pb_image][\/et_pb_column][et_pb_column type=\u00bb1_3&#8243; _builder_version=\u00bb4.27.4&#8243; _module_preset=\u00bbdefault\u00bb global_colors_info=\u00bb{}\u00bb][et_pb_image src=\u00bbhttps:\/\/pilargalilea.com\/memoria\/wp-content\/uploads\/2025\/11\/Carpintero-Tachuelas.jpg\u00bb title_text=\u00bbCarpintero Tachuelas\u00bb _builder_version=\u00bb4.27.4&#8243; _module_preset=\u00bbdefault\u00bb hover_enabled=\u00bb0&#8243; global_colors_info=\u00bb{}\u00bb sticky_enabled=\u00bb0&#8243;][\/et_pb_image][\/et_pb_column][\/et_pb_row][et_pb_row use_custom_gutter=\u00bbon\u00bb gutter_width=\u00bb2&#8243; make_equal=\u00bbon\u00bb _builder_version=\u00bb4.27.4&#8243; _module_preset=\u00bbdefault\u00bb width=\u00bb60%\u00bb width_tablet=\u00bb60%\u00bb width_phone=\u00bb90%\u00bb width_last_edited=\u00bbon|phone\u00bb custom_margin=\u00bb||0px||false|false\u00bb custom_padding=\u00bb||0px||false|false\u00bb global_colors_info=\u00bb{}\u00bb][et_pb_column type=\u00bb4_4&#8243; _builder_version=\u00bb4.27.4&#8243; _module_preset=\u00bbdefault\u00bb global_colors_info=\u00bb{}\u00bb][et_pb_text _builder_version=\u00bb4.27.4&#8243; _module_preset=\u00bbdefault\u00bb text_font=\u00bb&#8211;et_global_body_font|300|||||||\u00bb header_font=\u00bb||||||||\u00bb custom_margin=\u00bb||||false|false\u00bb custom_padding=\u00bb||||false|false\u00bb global_colors_info=\u00bb{}\u00bb]Malet\u00edn de madera con impresi\u00f3n Gicl\u00e9e (original en acuarela) y voz de Felipe Catal\u00e1n, Navidad. Tama\u00f1o 61 x 47 x 10 cms.[\/et_pb_text][\/et_pb_column][\/et_pb_row][et_pb_row use_custom_gutter=\u00bbon\u00bb gutter_width=\u00bb2&#8243; make_equal=\u00bbon\u00bb custom_padding_last_edited=\u00bbon|phone\u00bb module_id=\u00bbaleman\u00bb _builder_version=\u00bb4.27.4&#8243; _module_preset=\u00bbdefault\u00bb width=\u00bb60%\u00bb width_tablet=\u00bb60%\u00bb width_phone=\u00bb90%\u00bb width_last_edited=\u00bbon|phone\u00bb custom_margin=\u00bb||0px||false|false\u00bb custom_padding=\u00bb7%||0px||false|false\u00bb custom_padding_tablet=\u00bb7%||0px||false|false\u00bb custom_padding_phone=\u00bb30%||||false|false\u00bb global_colors_info=\u00bb{}\u00bb][et_pb_column type=\u00bb4_4&#8243; _builder_version=\u00bb4.27.4&#8243; _module_preset=\u00bbdefault\u00bb global_colors_info=\u00bb{}\u00bb][et_pb_heading title=\u00bbTISCHLER\u00bb _builder_version=\u00bb4.27.4&#8243; _module_preset=\u00bbdefault\u00bb title_font=\u00bb&#8211;et_global_body_font|300||on|||||\u00bb title_text_color=\u00bb#333333&#8243; title_font_size=\u00bb16px\u00bb title_letter_spacing=\u00bb4px\u00bb global_colors_info=\u00bb{}\u00bb][\/et_pb_heading][et_pb_text _builder_version=\u00bb4.27.4&#8243; _module_preset=\u00bbdefault\u00bb text_font=\u00bb&#8211;et_global_body_font|300|||||||\u00bb text_font_size=\u00bb16px\u00bb text_line_height=\u00bb28px\u00bb global_colors_info=\u00bb{}\u00bb]Ja, jetzt bin ich M\u00f6belbauer und Tischler. Obwohl ich nicht wei\u00df, ob ich mir einen Titel geben sollte. Ich habe meinen Abschluss als Industriedesigner gemacht, aber in der Praxis w\u00fcrde ich sagen, bin ich eher ein Erfinder. Einerseits habe ich es sehr verinnerlicht, die St\u00fccke so zu modulieren, dass sie in Serie hergestellt werden k\u00f6nnen. So denke ich automatisch, aufgrund meiner Ausbildung. Aber, wenn ich sie herstelle, bleiben sie oft bei einem einzelnen Objekt, weil ich, sobald ich es fertiggestellt habe, sofort anfange an etwas anderes zu denken und nicht zur\u00fcckkehre, um es erneut zu machen.<\/p>\n<p>Du hast gesagt, dass ich so etwas wie ein Bastler bin, und es stimmt, dass ich gerne mit verschiedenen Technologien experimentiere, mit anderen Materialien als Holz, sogar mit Elektronik oder dem Reparieren alter Gegenst\u00e4nde, die ich auf Flohm\u00e4rkten finde, wie diese Mundharmonika, die ich gefunden habe. Und daf\u00fcr zum Beispiel muss ich etwas von Musik verstehen, um den Ton herauszubekommen. Ich liebe es zu verstehen, wie Dinge funktionieren. Wenn ich etwas sehe, das mir gef\u00e4llt, versuche ich, es nachzumachen. Schon als Kind habe ich alles auseinandergenommen und dann versucht, es wieder zusammenzusetzen, ich habe Telefone und Uhren auseinandergenommen und konnte viel Zeit damit verbringen in die Details einzutauchen um zu verstehen, wie es funktioniert.<\/p>\n<p>In meinem Haus wurde immer etwas gemacht. Meine Mutter hat zum Beispiel mit \u00d6l gemalt, aber sie arbeitete auch mit Ton, Wollvlies und Holz. Es lagen also \u00fcberall Materialien herum und diese Art von Aktivit\u00e4t war selbstverst\u00e4ndlich. Mein Vater hingegen hat Antiquit\u00e4ten restauriert. Er hat also immer Intarsie Arbeiten gemacht. Wei\u00dft du, was das ist? Es ist wie eine Art Schmuckarbeit mit kleinen Holzst\u00fccken, verschiedenen Holzt\u00f6nen oder verschiedenen H\u00f6lzern, die zusammengef\u00fcgt werden, um zum Beispiel Blumenarrangements oder geometrische Figuren zu bilden. Ich wei\u00df nicht, verschiedene Dinge. Ja, tats\u00e4chlich komme ich aus einer sehr ruhelosen Familie in dieser Hinsicht. Man sagt sogar, dass mein Ururgro\u00dfvater Ende des 19. Jahrhunderts aus Spanien kam, um Kirchen zu malen, stell dir das vor. Es ist also mehr als nur das Interesse. Ich glaube, meine Ann\u00e4herung kommt daher, dass ich Werkzeuge schon immer als etwas Nat\u00fcrliches aufgenommen habe und instinktiv schon wusste, wie man sie benutzt.<\/p>\n<p>Soll ich dir etwas zeigen? Ich habe diese Zahnr\u00e4der, die ich zum Spa\u00df gemacht habe. Es sind zwei, das erste ist gr\u00f6\u00dfer als das zweite. Das erste dreht sich nach rechts, und das zweite dreht sich in die andere Richtung, nach links. Wenn das erste Zahnrad eine halbe Drehung macht, macht das zweite eine ganze Drehung. Hier k\u00f6nnen wir also Beziehungen herstellen zwischen Geschwindigkeit, Kraft und Bewegung im Allgemeinen, die verschiedene Anwendungen haben. Ich beobachte diese Art von Dingen gerne, und ich kann sogar noch weiter gehen und sie auf menschliche Beziehungen \u00fcbertragen. Das h\u00f6rt sich zwar wie Humbug an, aber wenn wir es uns genauer anschauen, ich wei\u00df nicht, es gibt ein Sprichwort, das lautet \u201eWer viel Fl\u00e4che deckt, klemmt wenig ein\u201c\u2026 und wenn ich es auf diesen Bereich der Materialien und Werkzeuge \u00fcbertrage, ist es auch wahr. Wenn ich zum Beispiel eine Zange nehme, die klein ist &#8211; sie hat einen kleineren Klemmbereich &#8211; und ich klemme damit ein St\u00fcck Holz ein, muss ich weniger Kraft aufwenden, um eine Vertiefung in das Holz zu dr\u00fccken. Andererseits, wenn die Klemmzone breiter ist, muss ich mehr Kraft aufwenden, weil mehr Fl\u00e4che in das Holz eingedr\u00fcckt werden muss.<\/p>\n<p>Ich mag Objekte, ich bin in dieser Hinsicht ein bisschen ein Fetischist, und in der Tat ist es eine Herausforderung f\u00fcr mich, nicht dem Diogenes-Syndrom zu verfallen. Denn auf der anderen Seite gibt es etwas in mir, das nach Simplizit\u00e4t im Umgang mit dem materiellen, nach weniger Material sucht. In gewisser Weise stecke ich in diesem Dilemma. Wie ich schon sagte, geht es mir nicht darum, Dinge zu haben, sondern sie zu verstehen. Die Arbeit oder die Energie zu erkennen, die in jedem dieser Objekte steckt, um sie dann idealerweise wiederzugewinnen. Ich m\u00f6chte interpretieren, wie es gemacht wurde und den gesamten Prozess, von der Beschaffung des Materials, der Herkunft des Materials, der Herstellung, der Werkzeuge die zur Herstellung verwendet wurden, und unz\u00e4hlbar viele Dinge, die dahinter stecken, die oft nicht so offensichtlich sind.<\/p>\n<p>Seit der Geburt meiner Tochter habe ich mit der Herstellung von Kinderbetten und Kinderm\u00f6beln begonnen. Und daf\u00fcr sch\u00e4tze ich die Vielseitigkeit von Holz, denn es kann f\u00fcr viele Dinge verwendet werden, und heutzutage verstehe ich ziemlich gut, wie es sich verh\u00e4lt. Es gibt wichtige Dinge, die Leute, die sich nicht damit besch\u00e4ftigen, nicht ber\u00fccksichtigen, wie zum Beispiel die Richtung der Maserung. Kiefer zum Beispiel neigt dazu, zu splittern, weil es eine l\u00e4ngere Faser hat und sich leichter spaltet, also ist es nicht so gut zum Schnitzen geeignet. Aber es ist leicht und weniger dicht, daher ist es sehr n\u00fctzlich und wird h\u00e4ufig f\u00fcr Trennw\u00e4nde und im Bauwesen verwendet. Harth\u00f6lzer, wie Eiche, Coig\u00fce (S\u00fcdbuche), Raul\u00ed (Scheinbuche) und viele andere brauchen viel l\u00e4nger, um zu wachsen. Aber sie sind wundersch\u00f6n und behalten ihre Eigenschaften mit der Zeit.<\/p>\n<p>Wenn es etwas gibt, das mich freut, dann ist es, dass das, was ich tue, n\u00fctzlich ist und die Menschen es zu sch\u00e4tzen wissen. Das ermutigt mich. Ich genie\u00dfe auch den Prozess selbst. Zum Beispiel, wenn ich das Holz schneide, ich mag den Geruch, besonders von den Baumknoten, denn dort ist das Harz konzentriert. Manchmal verstr\u00f6mt es einen sehr angenehmen Duft. Ich mag auch wenn die Teile genau passen oder das Ger\u00e4usch des Holzes, wenn man eine Kiste \u00f6ffnet und schlie\u00dft. Es sind all diese Details, die den Prozess und die Ergebnisse angenehmer machen. Ich arbeite auch sehr gerne mit Geometrie, weil sie mir hilft, die Struktur eines M\u00f6belst\u00fccks zu sehen und zu verstehen. Und um eine harmonische Proportion zu erreichen. Ich denke, dass diese \u00e4sthetische Funktion wichtig ist, denn was nicht harmonisch ist, ist generell ein Zeichen f\u00fcr schlechte Entscheidungen. Man versucht, alle praktischen Probleme zu l\u00f6sen, aber es ist auch wichtig, sie \u00e4sthetisch zu l\u00f6sen. Denn meiner Meinung nach ist es wichtig, das, was nicht notwendig ist, vom Notwendigen zu trennen. Was unn\u00f6tig ist, ist l\u00e4stig, es ist eine Energieverschwendung, die keinen Sinn macht.[\/et_pb_text][\/et_pb_column][\/et_pb_row][et_pb_row use_custom_gutter=\u00bbon\u00bb gutter_width=\u00bb2&#8243; make_equal=\u00bbon\u00bb custom_padding_last_edited=\u00bbon|phone\u00bb module_id=\u00bbingles\u00bb _builder_version=\u00bb4.27.4&#8243; _module_preset=\u00bbdefault\u00bb width=\u00bb60%\u00bb width_tablet=\u00bb60%\u00bb width_phone=\u00bb90%\u00bb width_last_edited=\u00bbon|phone\u00bb custom_margin=\u00bb||0px||false|false\u00bb custom_padding=\u00bb7%||0px||false|false\u00bb custom_padding_tablet=\u00bb7%||0px||false|false\u00bb custom_padding_phone=\u00bb30%||||false|false\u00bb global_colors_info=\u00bb{}\u00bb][et_pb_column type=\u00bb4_4&#8243; _builder_version=\u00bb4.27.4&#8243; _module_preset=\u00bbdefault\u00bb global_colors_info=\u00bb{}\u00bb][et_pb_heading title=\u00bbTHE CARPENTER\u00bb _builder_version=\u00bb4.27.4&#8243; _module_preset=\u00bbdefault\u00bb title_font=\u00bb&#8211;et_global_body_font|300||on|||||\u00bb title_text_color=\u00bb#333333&#8243; title_font_size=\u00bb16px\u00bb title_letter_spacing=\u00bb4px\u00bb global_colors_info=\u00bb{}\u00bb][\/et_pb_heading][et_pb_text _builder_version=\u00bb4.27.4&#8243; _module_preset=\u00bbdefault\u00bb text_font=\u00bb&#8211;et_global_body_font|300|||||||\u00bb text_font_size=\u00bb16px\u00bb text_line_height=\u00bb28px\u00bb global_colors_info=\u00bb{}\u00bb]<\/p>\n<p>Yes, I\u00b4m a furniture creator and a carpenter now. I graduated as an industrial designer but I would say that I\u00b4m an inventor. On one hand I have clear that I should modulate the pieces to produce them- I think that way automatically by my training- but when I make them, many times, they stay only as a unique object\u2026because when I finish them, I start thinking of another thing immediately. You said that I\u00b4m a thing maker and it\u00b4s true that I like to experiment with different technologies, with materials other than wood: getting into electronics or repairing old objects that I have found in market places, for example, as this harmonica. And for that purpose I should know something about music and how to manage to get a sound. I love understanding how things work. At home things were constantly crafted. My mother is a painter but she also worked with clay, fleece and wood\u2026so I was surrounded by materials in and that kind of activities were natural. My father restored old things, did marquetry, do you know it? It\u00b4s like a jewelry work with pieces of different kinds of wood and colors, that you put together to create flowers or geometric forms. A lot of different things, really. The truth is that I belong to a crafting family. It\u00b4s said that my great- grandfather came from Spain to paint churches at the end of 1800, imagine! So, more than a personal interest, I think my craft approach was born from that fact. Because I had the tools already there and I knew how to use them as something natural and instinctive.<\/p>\n<p>Look, I have these gears that I built applying just physics laws. This piece turns right, the middle one turns left but the first one doubles its diameter and the last one, which is the tiniest one, turns two times the others. So then you can see speed, strength and movement relations that have different applications. I like observing this kind of phenomena and even to compare it with human relationships. There is a saying: \u201cThe one who grasps at much has little to hold\u201d. And in the materials and tools world it\u00b4s also true. If I want to tighten up something with a pincer and its end is very fine it will tight a very punctual zone but with much force. If the contact surface is wider, instead, the same force divides and distributes itself at different points. I like the objects, I\u00b4m a little bit fetishist and it\u2019s a challenge for me not to fall in the Diogenes Syndrome. Because, on the other hand, there is something in me that seeks simplicity, to have less material possessions. But there I am, caught in this dilemma somehow. As I told you, my problem isn\u00b4t to own things but to understand them. Recognizing the work behind it and the energy applied on one object so then I can recuperate it. I interpret how it was built and I make the way back of its process, from the material source, its origin, the making process, the tools used to make it, and a myriad of other things that go on behind the scenes and are often not so obvious.<\/p>\n<p>Since my daughter was borned I started to make cradles and to build wood furniture. I appreciate a lot the versatility of wood because you can do a lot of different things with it. And at this point I understand well how it behaves. There are important things that somebody who doesn\u00b4t know, doesn\u00b4t mind, as the direction of the fiber. For instance, pine tends to shatter because the fiber is longer and it tears appart easily, so it isn\u00b4t good to carve. Noble woods, as oak, coihue or raul\u00ed take a long time to grow up but they are beautiful and maintain their properties through time. What makes me feel peaceful is that what I do is useful and produces satisfaction in people who make me undertake the job. This comforts me, the process, too. I like the smell that emanates from the wood knots when I cut it. It is very intense because the resin concentrates there. Sometimes you can get to feel an exquisite smell. I like the pieces when the pieces fit together precisely, or the wood sound when I open or shut a box. All these details make the process more enjoyable and also to see the results of what I am doing. I also like to work with geometry, it is useful to pre-visualize and understand the structure of the furniture I will build. And achieving a harmonic proportion is important because of the aesthetic function. What isn\u00b4t harmonic shows wrong decisions were made. I try to achieve that the practical problems are completely solved but approaching this solutions from the aesthetic aspect is also important. I think it\u00b4s extremely relevant to separate what is necessary from what is not. The unnecesary bothers and unconsciously makes visual noise. It\u00b4s an energy consumption that doesn\u00b4t make sense.<\/p>\n<p>[\/et_pb_text][\/et_pb_column][\/et_pb_row][\/et_pb_section]<\/p>\n","protected":false},"excerpt":{"rendered":"<p>Transkription auf DeutschEnglish transcriptionAudio completo en la voz de Felipe Catal\u00e1n, NavidadMalet\u00edn de madera con impresi\u00f3n Gicl\u00e9e (original en acuarela) y voz de Felipe Catal\u00e1n, Navidad. Tama\u00f1o 61 x 47 x 10 cms.Ja, jetzt bin ich M\u00f6belbauer und Tischler. Obwohl ich nicht wei\u00df, ob ich mir einen Titel geben sollte. Ich habe meinen Abschluss als [&hellip;]<\/p>\n","protected":false},"author":2,"featured_media":0,"parent":0,"menu_order":0,"comment_status":"closed","ping_status":"closed","template":"","meta":{"_et_pb_use_builder":"on","_et_pb_old_content":"","_et_gb_content_width":"","footnotes":""},"class_list":["post-115","page","type-page","status-publish","hentry"],"_links":{"self":[{"href":"https:\/\/pilargalilea.com\/memoria\/wp-json\/wp\/v2\/pages\/115","targetHints":{"allow":["GET"]}}],"collection":[{"href":"https:\/\/pilargalilea.com\/memoria\/wp-json\/wp\/v2\/pages"}],"about":[{"href":"https:\/\/pilargalilea.com\/memoria\/wp-json\/wp\/v2\/types\/page"}],"author":[{"embeddable":true,"href":"https:\/\/pilargalilea.com\/memoria\/wp-json\/wp\/v2\/users\/2"}],"replies":[{"embeddable":true,"href":"https:\/\/pilargalilea.com\/memoria\/wp-json\/wp\/v2\/comments?post=115"}],"version-history":[{"count":44,"href":"https:\/\/pilargalilea.com\/memoria\/wp-json\/wp\/v2\/pages\/115\/revisions"}],"predecessor-version":[{"id":698,"href":"https:\/\/pilargalilea.com\/memoria\/wp-json\/wp\/v2\/pages\/115\/revisions\/698"}],"wp:attachment":[{"href":"https:\/\/pilargalilea.com\/memoria\/wp-json\/wp\/v2\/media?parent=115"}],"curies":[{"name":"wp","href":"https:\/\/api.w.org\/{rel}","templated":true}]}}